{"id":1034,"date":"2017-05-04T11:32:16","date_gmt":"2017-05-04T11:32:16","guid":{"rendered":"http:\/\/ciutadella.salesians.cat\/escola\/?page_id=1034"},"modified":"2023-07-05T06:38:33","modified_gmt":"2023-07-05T06:38:33","slug":"1034-2","status":"publish","type":"page","link":"https:\/\/ciutadella.salesians.cat\/escola\/1034-2\/","title":{"rendered":"Opcions preferencials"},"content":{"rendered":"<p>[et_pb_section fb_built=\u00bb1&#8243; fullwidth=\u00bbon\u00bb _builder_version=\u00bb4.16&#8243; global_colors_info=\u00bb{}\u00bb][et_pb_fullwidth_header title=\u00bbOpcions preferencials\u00bb content_max_width=\u00bbnone\u00bb title_font_color=\u00bb#ffffff\u00bb module_class=\u00bbpagina-imagen-cabecera\u00bb _builder_version=\u00bb4.20.0&#8243; title_text_color=\u00bb#ffffff\u00bb title_font_size=\u00bb40px\u00bb background_color=\u00bb#E02B20&#8243; background_layout=\u00bblight\u00bb hover_enabled=\u00bb0&#8243; background_url=\u00bbhttp:\/\/ciutadella.salesians.cat\/escola\/wp-content\/uploads\/sites\/2\/2017\/05\/fullsizeoutput_462.jpeg\u00bb button_one_letter_spacing_hover=\u00bb0&#8243; button_two_letter_spacing_hover=\u00bb0&#8243; global_colors_info=\u00bb{}\u00bb button_one_text_size__hover_enabled=\u00bboff\u00bb button_one_text_size__hover=\u00bbnull\u00bb button_two_text_size__hover_enabled=\u00bboff\u00bb button_two_text_size__hover=\u00bbnull\u00bb button_one_text_color__hover_enabled=\u00bboff\u00bb button_one_text_color__hover=\u00bbnull\u00bb button_two_text_color__hover_enabled=\u00bboff\u00bb button_two_text_color__hover=\u00bbnull\u00bb button_one_border_width__hover_enabled=\u00bboff\u00bb button_one_border_width__hover=\u00bbnull\u00bb button_two_border_width__hover_enabled=\u00bboff\u00bb button_two_border_width__hover=\u00bbnull\u00bb button_one_border_color__hover_enabled=\u00bboff\u00bb button_one_border_color__hover=\u00bbnull\u00bb button_two_border_color__hover_enabled=\u00bboff\u00bb button_two_border_color__hover=\u00bbnull\u00bb button_one_border_radius__hover_enabled=\u00bboff\u00bb button_one_border_radius__hover=\u00bbnull\u00bb button_two_border_radius__hover_enabled=\u00bboff\u00bb button_two_border_radius__hover=\u00bbnull\u00bb button_one_letter_spacing__hover_enabled=\u00bbon\u00bb button_one_letter_spacing__hover=\u00bb0&#8243; button_two_letter_spacing__hover_enabled=\u00bbon\u00bb button_two_letter_spacing__hover=\u00bb0&#8243; button_one_bg_color__hover_enabled=\u00bboff\u00bb button_one_bg_color__hover=\u00bbnull\u00bb button_two_bg_color__hover_enabled=\u00bboff\u00bb button_two_bg_color__hover=\u00bbnull\u00bb background_enable_image=\u00bboff\u00bb sticky_enabled=\u00bb0&#8243;][\/et_pb_fullwidth_header][\/et_pb_section][et_pb_section fb_built=\u00bb1&#8243; module_class=\u00bbpagina-seccion-contenido\u00bb _builder_version=\u00bb4.16&#8243; custom_padding=\u00bb-4%|||\u00bb transparent_background=\u00bboff\u00bb make_fullwidth=\u00bboff\u00bb use_custom_width=\u00bboff\u00bb width_unit=\u00bbon\u00bb global_colors_info=\u00bb{}\u00bb][et_pb_row module_class=\u00bbpagina-texto\u00bb _builder_version=\u00bb4.16&#8243; background_size=\u00bbinitial\u00bb background_position=\u00bbtop_left\u00bb background_repeat=\u00bbrepeat\u00bb make_fullwidth=\u00bboff\u00bb use_custom_width=\u00bboff\u00bb width_unit=\u00bbon\u00bb global_colors_info=\u00bb{}\u00bb][et_pb_column type=\u00bb4_4&#8243; _builder_version=\u00bb4.16&#8243; custom_padding=\u00bb|||\u00bb global_colors_info=\u00bb{}\u00bb custom_padding__hover=\u00bb|||\u00bb][et_pb_text _builder_version=\u00bb4.16&#8243; border_style=\u00bbsolid\u00bb global_colors_info=\u00bb{}\u00bb]<\/p>\n<h1>Opcions preferencials<\/h1>\n<p>[\/et_pb_text][et_pb_text _builder_version=\u00bb4.20.0&#8243; text_font_size=\u00bb15px\u00bb background_size=\u00bbinitial\u00bb background_position=\u00bbtop_left\u00bb background_repeat=\u00bbrepeat\u00bb vertical_offset_tablet=\u00bb0&#8243; horizontal_offset_tablet=\u00bb0&#8243; text_orientation=\u00bbjustified\u00bb hover_enabled=\u00bb0&#8243; z_index_tablet=\u00bb500&#8243; text_text_shadow_horizontal_length_tablet=\u00bb0px\u00bb text_text_shadow_vertical_length_tablet=\u00bb0px\u00bb text_text_shadow_blur_strength_tablet=\u00bb1px\u00bb link_text_shadow_horizontal_length_tablet=\u00bb0px\u00bb link_text_shadow_vertical_length_tablet=\u00bb0px\u00bb link_text_shadow_blur_strength_tablet=\u00bb1px\u00bb ul_text_shadow_horizontal_length_tablet=\u00bb0px\u00bb ul_text_shadow_vertical_length_tablet=\u00bb0px\u00bb ul_text_shadow_blur_strength_tablet=\u00bb1px\u00bb ol_text_shadow_horizontal_length_tablet=\u00bb0px\u00bb ol_text_shadow_vertical_length_tablet=\u00bb0px\u00bb ol_text_shadow_blur_strength_tablet=\u00bb1px\u00bb quote_text_shadow_horizontal_length_tablet=\u00bb0px\u00bb quote_text_shadow_vertical_length_tablet=\u00bb0px\u00bb quote_text_shadow_blur_strength_tablet=\u00bb1px\u00bb header_text_shadow_horizontal_length_tablet=\u00bb0px\u00bb header_text_shadow_vertical_length_tablet=\u00bb0px\u00bb header_text_shadow_blur_strength_tablet=\u00bb1px\u00bb header_2_text_shadow_horizontal_length_tablet=\u00bb0px\u00bb header_2_text_shadow_vertical_length_tablet=\u00bb0px\u00bb header_2_text_shadow_blur_strength_tablet=\u00bb1px\u00bb header_3_text_shadow_horizontal_length_tablet=\u00bb0px\u00bb header_3_text_shadow_vertical_length_tablet=\u00bb0px\u00bb header_3_text_shadow_blur_strength_tablet=\u00bb1px\u00bb header_4_text_shadow_horizontal_length_tablet=\u00bb0px\u00bb header_4_text_shadow_vertical_length_tablet=\u00bb0px\u00bb header_4_text_shadow_blur_strength_tablet=\u00bb1px\u00bb header_5_text_shadow_horizontal_length_tablet=\u00bb0px\u00bb header_5_text_shadow_vertical_length_tablet=\u00bb0px\u00bb header_5_text_shadow_blur_strength_tablet=\u00bb1px\u00bb header_6_text_shadow_horizontal_length_tablet=\u00bb0px\u00bb header_6_text_shadow_vertical_length_tablet=\u00bb0px\u00bb header_6_text_shadow_blur_strength_tablet=\u00bb1px\u00bb box_shadow_horizontal_tablet=\u00bb0px\u00bb box_shadow_vertical_tablet=\u00bb0px\u00bb box_shadow_blur_tablet=\u00bb40px\u00bb box_shadow_spread_tablet=\u00bb0px\u00bb global_colors_info=\u00bb{}\u00bb sticky_enabled=\u00bb0&#8243;]<\/p>\n<p><span style=\"color: #000000;\">Som una escola cristiana oberta a tothom.<\/span><\/p>\n<p><span style=\"color: #000000;\">Formam part de la xarxa de centres educatius salesians presents\u00a0a 132 pa\u00efsos. <\/span><\/p>\n<p><span style=\"color: #000000;\">Seguim la inspiraci\u00f3 i exemple de Sant Joan Bosco, actualitzant permanentment el seu Sistema Preventiu.<\/span><\/p>\n<p style=\"padding-bottom: 1em;\"><span style=\"color: #000000;\">Des de l&#8217;any 1889 Cal\u00f3s est\u00e0 present a Ciutadella per oferir una educaci\u00f3 de qualitat amb una identitat pr\u00f2pia: la del carisma salesi\u00e0.<\/span><\/p>\n<p><span style=\"color: #000000;\">\u00a0<\/span><\/p>\n<ul>\n<li style=\"font-weight: 400;\" aria-level=\"1\"><span style=\"font-weight: 400; color: #000000;\">Una escola inclusiva, que tendeix cap al Disseny Universal de l\u2019Aprenentatge, on l\u2019atenci\u00f3 a la diversitat i aprendre cooperant s\u00f3n prioritats.<\/span><\/li>\n<li style=\"font-weight: 400;\" aria-level=\"1\"><span style=\"font-weight: 400; color: #000000;\">L\u2019educaci\u00f3 en valors, afavorint la recerca del sentit de la vida i el desenvolupament de les compet\u00e8ncies socials que ens fan agents transformadors de l\u2019entorn i del m\u00f3n.<\/span><\/li>\n<li style=\"font-weight: 400;\" aria-level=\"1\"><span style=\"font-weight: 400; color: #000000;\">La innovaci\u00f3 educativa, potenciant les tecnologies de l&#8217;aprenentatge i la comunicaci\u00f3 i equilibrant el seu \u00fas amb altres estrat\u00e8gies pedag\u00f2giques pr\u00f2pies de diverses metodologies actives.<\/span><\/li>\n<li style=\"font-weight: 400;\" aria-level=\"1\"><span style=\"font-weight: 400; color: #000000;\">La codoc\u00e8ncia, que facilita l\u2019atenci\u00f3 personalitzada de l\u2019alumnat i la millora cont\u00ednua del desenvolupament professional de l\u2019equip docent.<\/span><\/li>\n<li style=\"font-weight: 400;\" aria-level=\"1\"><span style=\"font-weight: 400; color: #000000;\">Models d\u2019organitzaci\u00f3 flexibles com la superaula EP o els \u00e0mbits a ESO.<\/span><\/li>\n<li style=\"font-weight: 400;\" aria-level=\"1\"><span style=\"font-weight: 400; color: #000000;\">El foment del pluriling\u00fcisme i especialment l\u2019ensenyament i l\u2019aprenentatge de l\u2019angl\u00e8s des de 4t d\u2019Infantil, que es refor\u00e7a amb projectes internacionals diversos (Etwinning, Erasmus +&#8230;).<\/span><\/li>\n<li style=\"font-weight: 400;\" aria-level=\"1\"><span style=\"font-weight: 400; color: #000000;\">Les relacions personals, l\u2019esperit de fam\u00edlia i una escola propera que fomenta la participaci\u00f3.<\/span><\/li>\n<li style=\"font-weight: 400;\" aria-level=\"1\"><span style=\"font-weight: 400; color: #000000;\">Una pol\u00edtica de qualitat que busca l\u2019excel\u00b7l\u00e8ncia i la millora cont\u00ednua del nostre treball.<\/span><\/li>\n<li style=\"font-weight: 400;\" aria-level=\"1\"><span style=\"font-weight: 400; color: #000000;\">Preparar el nostre alumnat perqu\u00e8 sigui competent davant els reptes de la vida, protagonista i agent de transformaci\u00f3 social.<\/span><\/li>\n<\/ul>\n<p>[\/et_pb_text][\/et_pb_column][\/et_pb_row][\/et_pb_section][et_pb_section fb_built=\u00bb1&#8243; admin_label=\u00bbsection\u00bb _builder_version=\u00bb4.16&#8243; custom_padding=\u00bb3px|0px|0px|0px\u00bb transparent_background=\u00bboff\u00bb make_fullwidth=\u00bboff\u00bb use_custom_width=\u00bboff\u00bb width_unit=\u00bboff\u00bb custom_width_px=\u00bb1080px\u00bb custom_width_percent=\u00bb80%\u00bb global_colors_info=\u00bb{}\u00bb][et_pb_row _builder_version=\u00bb4.16&#8243; background_size=\u00bbinitial\u00bb background_position=\u00bbtop_left\u00bb background_repeat=\u00bbrepeat\u00bb make_fullwidth=\u00bboff\u00bb use_custom_width=\u00bboff\u00bb width_unit=\u00bboff\u00bb custom_width_px=\u00bb1080px\u00bb custom_width_percent=\u00bb80%\u00bb global_colors_info=\u00bb{}\u00bb column_structure=\u00bb1_4,1_4,1_4,1_4&#8243;][et_pb_column type=\u00bb1_4&#8243; _builder_version=\u00bb4.16&#8243; custom_padding=\u00bb|||\u00bb global_colors_info=\u00bb{}\u00bb custom_padding__hover=\u00bb|||\u00bb][et_pb_blurb title=\u00bbEscola\u00bb url=\u00bbhttp:\/\/ciutadella.salesians.cat\/escola\/\u00bb use_icon=\u00bbon\u00bb font_icon=\u00bb&#xe009;||divi||400&#8243; image_icon_background_color=\u00bb#ffffff\u00bb image_icon_width=\u00bb48px\u00bb admin_label=\u00bbActualidad\u00bb _builder_version=\u00bb4.16&#8243; header_text_color=\u00bb#66757e\u00bb background_size=\u00bbinitial\u00bb background_position=\u00bbtop_left\u00bb background_repeat=\u00bbrepeat\u00bb image_icon_custom_padding=\u00bb25px|25px|25px|25px|false|false\u00bb text_orientation=\u00bbcenter\u00bb border_radii_image=\u00bbon|100%|100%|100%|100%\u00bb border_width_all_image=\u00bb3px\u00bb border_color_all_image=\u00bb#66757e\u00bb border_style=\u00bbsolid\u00bb image_max_width=\u00bbnone\u00bb use_circle=\u00bbon\u00bb use_circle_border=\u00bbon\u00bb circle_border_color=\u00bb#66757e\u00bb circle_color=\u00bb#ffffff\u00bb global_colors_info=\u00bb{}\u00bb image_icon_background_color__sticky_enabled=\u00bb#dc001b\u00bb image_icon_background_color__sticky=\u00bb#dc001b\u00bb][\/et_pb_blurb][\/et_pb_column][et_pb_column type=\u00bb1_4&#8243; _builder_version=\u00bb4.16&#8243; custom_padding=\u00bb|||\u00bb global_colors_info=\u00bb{}\u00bb custom_padding__hover=\u00bb|||\u00bb][et_pb_blurb title=\u00bbSalutaci\u00f3 de la Directora\u00bb url=\u00bbhttp:\/\/ciutadella.salesians.cat\/escola\/paraules-de-la-directora\/\u00bb use_icon=\u00bbon\u00bb font_icon=\u00bb&#x76;||divi||400&#8243; image_icon_background_color=\u00bb#ffffff\u00bb image_icon_width=\u00bb48px\u00bb admin_label=\u00bbActualidad\u00bb _builder_version=\u00bb4.16&#8243; header_text_color=\u00bb#66757e\u00bb background_size=\u00bbinitial\u00bb background_position=\u00bbtop_left\u00bb background_repeat=\u00bbrepeat\u00bb image_icon_custom_padding=\u00bb25px|25px|25px|25px|false|false\u00bb text_orientation=\u00bbcenter\u00bb border_radii_image=\u00bbon|100%|100%|100%|100%\u00bb border_width_all_image=\u00bb3px\u00bb border_color_all_image=\u00bb#66757e\u00bb border_style=\u00bbsolid\u00bb image_max_width=\u00bbnone\u00bb use_circle=\u00bbon\u00bb use_circle_border=\u00bbon\u00bb circle_border_color=\u00bb#66757e\u00bb circle_color=\u00bb#ffffff\u00bb global_colors_info=\u00bb{}\u00bb image_icon_background_color__sticky_enabled=\u00bb#dc001b\u00bb image_icon_background_color__sticky=\u00bb#dc001b\u00bb][\/et_pb_blurb][\/et_pb_column][et_pb_column type=\u00bb1_4&#8243; _builder_version=\u00bb4.16&#8243; custom_padding=\u00bb|||\u00bb global_colors_info=\u00bb{}\u00bb custom_padding__hover=\u00bb|||\u00bb][et_pb_blurb title=\u00bbOrganigrama\u00bb url=\u00bbhttp:\/\/ciutadella.salesians.cat\/escola\/organigrama\/\u00bb use_icon=\u00bbon\u00bb font_icon=\u00bb&#xe109;||divi||400&#8243; image_icon_background_color=\u00bb#ffffff\u00bb image_icon_width=\u00bb48px\u00bb admin_label=\u00bbActualidad\u00bb _builder_version=\u00bb4.16&#8243; header_text_color=\u00bb#66757e\u00bb background_size=\u00bbinitial\u00bb background_position=\u00bbtop_left\u00bb background_repeat=\u00bbrepeat\u00bb image_icon_custom_padding=\u00bb25px|25px|25px|25px|false|false\u00bb text_orientation=\u00bbcenter\u00bb border_radii_image=\u00bbon|100%|100%|100%|100%\u00bb border_width_all_image=\u00bb3px\u00bb border_color_all_image=\u00bb#66757e\u00bb border_style=\u00bbsolid\u00bb image_max_width=\u00bbnone\u00bb use_circle=\u00bbon\u00bb use_circle_border=\u00bbon\u00bb circle_border_color=\u00bb#66757e\u00bb circle_color=\u00bb#ffffff\u00bb global_colors_info=\u00bb{}\u00bb image_icon_background_color__sticky_enabled=\u00bb#dc001b\u00bb image_icon_background_color__sticky=\u00bb#dc001b\u00bb][\/et_pb_blurb][\/et_pb_column][et_pb_column type=\u00bb1_4&#8243; _builder_version=\u00bb4.16&#8243; custom_padding=\u00bb|||\u00bb global_colors_info=\u00bb{}\u00bb custom_padding__hover=\u00bb|||\u00bb][et_pb_blurb title=\u00bbPol\u00edtica de qualitat\u00bb url=\u00bbhttp:\/\/ciutadella.salesians.cat\/escola\/politica-de-qualitat\/\u00bb use_icon=\u00bbon\u00bb font_icon=\u00bb&#xe0e9;||divi||400&#8243; image_icon_background_color=\u00bb#ffffff\u00bb image_icon_width=\u00bb48px\u00bb admin_label=\u00bbActualidad\u00bb _builder_version=\u00bb4.16&#8243; header_text_color=\u00bb#66757e\u00bb background_size=\u00bbinitial\u00bb background_position=\u00bbtop_left\u00bb background_repeat=\u00bbrepeat\u00bb image_icon_custom_padding=\u00bb25px|25px|25px|25px|false|false\u00bb text_orientation=\u00bbcenter\u00bb border_radii_image=\u00bbon|100%|100%|100%|100%\u00bb border_width_all_image=\u00bb3px\u00bb border_color_all_image=\u00bb#66757e\u00bb border_style=\u00bbsolid\u00bb image_max_width=\u00bbnone\u00bb use_circle=\u00bbon\u00bb use_circle_border=\u00bbon\u00bb circle_border_color=\u00bb#66757e\u00bb circle_color=\u00bb#ffffff\u00bb global_colors_info=\u00bb{}\u00bb image_icon_background_color__sticky_enabled=\u00bb#dc001b\u00bb image_icon_background_color__sticky=\u00bb#dc001b\u00bb][\/et_pb_blurb][\/et_pb_column][\/et_pb_row][et_pb_row _builder_version=\u00bb4.16&#8243; background_size=\u00bbinitial\u00bb background_position=\u00bbtop_left\u00bb background_repeat=\u00bbrepeat\u00bb global_colors_info=\u00bb{}\u00bb][et_pb_column type=\u00bb4_4&#8243; _builder_version=\u00bb4.16&#8243; custom_padding=\u00bb|||\u00bb global_colors_info=\u00bb{}\u00bb custom_padding__hover=\u00bb|||\u00bb][et_pb_text _builder_version=\u00bb4.16&#8243; border_style=\u00bbsolid\u00bb global_colors_info=\u00bb{}\u00bb][\/et_pb_text][\/et_pb_column][\/et_pb_row][\/et_pb_section]<\/p>\n","protected":false},"excerpt":{"rendered":"<p>Opcions preferencials Som una escola cristiana oberta a tothom. Formam part de la xarxa de centres educatius salesians presents\u00a0a 132 pa\u00efsos. Seguim la inspiraci\u00f3 i exemple de Sant Joan Bosco, actualitzant permanentment el seu Sistema Preventiu. Des de l&#8217;any 1889 Cal\u00f3s est\u00e0 present a Ciutadella per oferir una educaci\u00f3 de qualitat amb una identitat pr\u00f2pia: [&hellip;]<\/p>\n","protected":false},"author":2,"featured_media":0,"parent":0,"menu_order":0,"comment_status":"closed","ping_status":"closed","template":"","meta":{"_et_pb_use_builder":"on","_et_pb_old_content":"","_et_gb_content_width":"","footnotes":""},"class_list":["post-1034","page","type-page","status-publish","hentry"],"yoast_head":"<!-- This site is optimized with the Yoast SEO plugin v27.4 - https:\/\/yoast.com\/product\/yoast-seo-wordpress\/ -->\n<title>Opcions preferencials - Escola<\/title>\n<meta name=\"robots\" content=\"index, follow, max-snippet:-1, max-image-preview:large, max-video-preview:-1\" \/>\n<link rel=\"canonical\" href=\"https:\/\/ciutadella.salesians.cat\/escola\/1034-2\/\" \/>\n<meta property=\"og:locale\" content=\"es_ES\" \/>\n<meta property=\"og:type\" content=\"article\" \/>\n<meta property=\"og:title\" content=\"Opcions preferencials - Escola\" \/>\n<meta property=\"og:description\" content=\"Opcions preferencials Som una escola cristiana oberta a tothom. Formam part de la xarxa de centres educatius salesians presents\u00a0a 132 pa\u00efsos. Seguim la inspiraci\u00f3 i exemple de Sant Joan Bosco, actualitzant permanentment el seu Sistema Preventiu. Des de l&#039;any 1889 Cal\u00f3s est\u00e0 present a Ciutadella per oferir una educaci\u00f3 de qualitat amb una identitat pr\u00f2pia: [&hellip;]\" \/>\n<meta property=\"og:url\" content=\"https:\/\/ciutadella.salesians.cat\/escola\/1034-2\/\" \/>\n<meta property=\"og:site_name\" content=\"Escola\" \/>\n<meta property=\"article:modified_time\" content=\"2023-07-05T06:38:33+00:00\" \/>\n<meta name=\"twitter:card\" content=\"summary_large_image\" \/>\n<meta name=\"twitter:label1\" content=\"Tiempo de lectura\" \/>\n\t<meta name=\"twitter:data1\" content=\"3 minutos\" \/>\n<script type=\"application\/ld+json\" class=\"yoast-schema-graph\">{\"@context\":\"https:\\\/\\\/schema.org\",\"@graph\":[{\"@type\":\"WebPage\",\"@id\":\"https:\\\/\\\/ciutadella.salesians.cat\\\/escola\\\/1034-2\\\/\",\"url\":\"https:\\\/\\\/ciutadella.salesians.cat\\\/escola\\\/1034-2\\\/\",\"name\":\"Opcions preferencials - Escola\",\"isPartOf\":{\"@id\":\"https:\\\/\\\/ciutadella.salesians.cat\\\/escola\\\/#website\"},\"datePublished\":\"2017-05-04T11:32:16+00:00\",\"dateModified\":\"2023-07-05T06:38:33+00:00\",\"breadcrumb\":{\"@id\":\"https:\\\/\\\/ciutadella.salesians.cat\\\/escola\\\/1034-2\\\/#breadcrumb\"},\"inLanguage\":\"es\",\"potentialAction\":[{\"@type\":\"ReadAction\",\"target\":[\"https:\\\/\\\/ciutadella.salesians.cat\\\/escola\\\/1034-2\\\/\"]}]},{\"@type\":\"BreadcrumbList\",\"@id\":\"https:\\\/\\\/ciutadella.salesians.cat\\\/escola\\\/1034-2\\\/#breadcrumb\",\"itemListElement\":[{\"@type\":\"ListItem\",\"position\":1,\"name\":\"Inici\",\"item\":\"https:\\\/\\\/ciutadella.salesians.cat\\\/escola\\\/\"},{\"@type\":\"ListItem\",\"position\":2,\"name\":\"Opcions preferencials\"}]},{\"@type\":\"WebSite\",\"@id\":\"https:\\\/\\\/ciutadella.salesians.cat\\\/escola\\\/#website\",\"url\":\"https:\\\/\\\/ciutadella.salesians.cat\\\/escola\\\/\",\"name\":\"Escola\",\"description\":\"P\u00e0gina oficial de Salesians Ciutadella\",\"potentialAction\":[{\"@type\":\"SearchAction\",\"target\":{\"@type\":\"EntryPoint\",\"urlTemplate\":\"https:\\\/\\\/ciutadella.salesians.cat\\\/escola\\\/?s={search_term_string}\"},\"query-input\":{\"@type\":\"PropertyValueSpecification\",\"valueRequired\":true,\"valueName\":\"search_term_string\"}}],\"inLanguage\":\"es\"}]}<\/script>\n<!-- \/ Yoast SEO plugin. -->","yoast_head_json":{"title":"Opcions preferencials - Escola","robots":{"index":"index","follow":"follow","max-snippet":"max-snippet:-1","max-image-preview":"max-image-preview:large","max-video-preview":"max-video-preview:-1"},"canonical":"https:\/\/ciutadella.salesians.cat\/escola\/1034-2\/","og_locale":"es_ES","og_type":"article","og_title":"Opcions preferencials - Escola","og_description":"Opcions preferencials Som una escola cristiana oberta a tothom. Formam part de la xarxa de centres educatius salesians presents\u00a0a 132 pa\u00efsos. Seguim la inspiraci\u00f3 i exemple de Sant Joan Bosco, actualitzant permanentment el seu Sistema Preventiu. Des de l'any 1889 Cal\u00f3s est\u00e0 present a Ciutadella per oferir una educaci\u00f3 de qualitat amb una identitat pr\u00f2pia: [&hellip;]","og_url":"https:\/\/ciutadella.salesians.cat\/escola\/1034-2\/","og_site_name":"Escola","article_modified_time":"2023-07-05T06:38:33+00:00","twitter_card":"summary_large_image","twitter_misc":{"Tiempo de lectura":"3 minutos"},"schema":{"@context":"https:\/\/schema.org","@graph":[{"@type":"WebPage","@id":"https:\/\/ciutadella.salesians.cat\/escola\/1034-2\/","url":"https:\/\/ciutadella.salesians.cat\/escola\/1034-2\/","name":"Opcions preferencials - Escola","isPartOf":{"@id":"https:\/\/ciutadella.salesians.cat\/escola\/#website"},"datePublished":"2017-05-04T11:32:16+00:00","dateModified":"2023-07-05T06:38:33+00:00","breadcrumb":{"@id":"https:\/\/ciutadella.salesians.cat\/escola\/1034-2\/#breadcrumb"},"inLanguage":"es","potentialAction":[{"@type":"ReadAction","target":["https:\/\/ciutadella.salesians.cat\/escola\/1034-2\/"]}]},{"@type":"BreadcrumbList","@id":"https:\/\/ciutadella.salesians.cat\/escola\/1034-2\/#breadcrumb","itemListElement":[{"@type":"ListItem","position":1,"name":"Inici","item":"https:\/\/ciutadella.salesians.cat\/escola\/"},{"@type":"ListItem","position":2,"name":"Opcions preferencials"}]},{"@type":"WebSite","@id":"https:\/\/ciutadella.salesians.cat\/escola\/#website","url":"https:\/\/ciutadella.salesians.cat\/escola\/","name":"Escola","description":"P\u00e0gina oficial de Salesians Ciutadella","potentialAction":[{"@type":"SearchAction","target":{"@type":"EntryPoint","urlTemplate":"https:\/\/ciutadella.salesians.cat\/escola\/?s={search_term_string}"},"query-input":{"@type":"PropertyValueSpecification","valueRequired":true,"valueName":"search_term_string"}}],"inLanguage":"es"}]}},"_links":{"self":[{"href":"https:\/\/ciutadella.salesians.cat\/escola\/wp-json\/wp\/v2\/pages\/1034","targetHints":{"allow":["GET"]}}],"collection":[{"href":"https:\/\/ciutadella.salesians.cat\/escola\/wp-json\/wp\/v2\/pages"}],"about":[{"href":"https:\/\/ciutadella.salesians.cat\/escola\/wp-json\/wp\/v2\/types\/page"}],"author":[{"embeddable":true,"href":"https:\/\/ciutadella.salesians.cat\/escola\/wp-json\/wp\/v2\/users\/2"}],"replies":[{"embeddable":true,"href":"https:\/\/ciutadella.salesians.cat\/escola\/wp-json\/wp\/v2\/comments?post=1034"}],"version-history":[{"count":25,"href":"https:\/\/ciutadella.salesians.cat\/escola\/wp-json\/wp\/v2\/pages\/1034\/revisions"}],"predecessor-version":[{"id":6409,"href":"https:\/\/ciutadella.salesians.cat\/escola\/wp-json\/wp\/v2\/pages\/1034\/revisions\/6409"}],"wp:attachment":[{"href":"https:\/\/ciutadella.salesians.cat\/escola\/wp-json\/wp\/v2\/media?parent=1034"}],"curies":[{"name":"wp","href":"https:\/\/api.w.org\/{rel}","templated":true}]}}