{"id":1203,"date":"2017-06-11T15:09:30","date_gmt":"2017-06-11T15:09:30","guid":{"rendered":"http:\/\/ciutadella.salesians.cat\/escola\/bon-dia-eso-bons-dies-ep\/"},"modified":"2021-09-07T06:16:38","modified_gmt":"2021-09-07T06:16:38","slug":"bon-dia-eso-bons-dies-ep","status":"publish","type":"page","link":"https:\/\/ciutadella.salesians.cat\/escola\/bon-dia-eso-bons-dies-ep\/","title":{"rendered":"Bon dia ESO"},"content":{"rendered":"<p>[et_pb_section bb_built=\u00bb1&#8243; admin_label=\u00bbsection\u00bb inner_width=\u00bbauto\u00bb inner_max_width=\u00bb1080px\u00bb][et_pb_row admin_label=\u00bbrow\u00bb background_position=\u00bbtop_left\u00bb background_repeat=\u00bbrepeat\u00bb background_size=\u00bbinitial\u00bb width=\u00bb80%\u00bb max_width=\u00bb1080px\u00bb][et_pb_column type=\u00bb4_4&#8243; custom_padding__hover=\u00bb|||\u00bb custom_padding=\u00bb|||\u00bb][et_pb_text background_layout=\u00bblight\u00bb text_orientation=\u00bbleft\u00bb border_style=\u00bbsolid\u00bb text_font_size=\u00bb16&#8243; background_position=\u00bbtop_left\u00bb background_repeat=\u00bbrepeat\u00bb background_size=\u00bbinitial\u00bb _builder_version=\u00bb3.0.63&#8243;]<\/p>\n<h1><b> Recull de BON DIA ESO<\/b><\/h1>\n<p>[\/et_pb_text][et_pb_text _builder_version=\u00bb4.10.6&#8243; text_text_shadow_horizontal_length=\u00bbtext_text_shadow_style,%91object Object%93&#8243; text_text_shadow_horizontal_length_tablet=\u00bb0px\u00bb text_text_shadow_vertical_length=\u00bbtext_text_shadow_style,%91object Object%93&#8243; text_text_shadow_vertical_length_tablet=\u00bb0px\u00bb text_text_shadow_blur_strength=\u00bbtext_text_shadow_style,%91object Object%93&#8243; text_text_shadow_blur_strength_tablet=\u00bb1px\u00bb link_text_shadow_horizontal_length=\u00bblink_text_shadow_style,%91object Object%93&#8243; link_text_shadow_horizontal_length_tablet=\u00bb0px\u00bb link_text_shadow_vertical_length=\u00bblink_text_shadow_style,%91object Object%93&#8243; link_text_shadow_vertical_length_tablet=\u00bb0px\u00bb link_text_shadow_blur_strength=\u00bblink_text_shadow_style,%91object Object%93&#8243; link_text_shadow_blur_strength_tablet=\u00bb1px\u00bb ul_text_shadow_horizontal_length=\u00bbul_text_shadow_style,%91object Object%93&#8243; ul_text_shadow_horizontal_length_tablet=\u00bb0px\u00bb ul_text_shadow_vertical_length=\u00bbul_text_shadow_style,%91object Object%93&#8243; ul_text_shadow_vertical_length_tablet=\u00bb0px\u00bb ul_text_shadow_blur_strength=\u00bbul_text_shadow_style,%91object Object%93&#8243; ul_text_shadow_blur_strength_tablet=\u00bb1px\u00bb ol_text_shadow_horizontal_length=\u00bbol_text_shadow_style,%91object Object%93&#8243; ol_text_shadow_horizontal_length_tablet=\u00bb0px\u00bb ol_text_shadow_vertical_length=\u00bbol_text_shadow_style,%91object Object%93&#8243; ol_text_shadow_vertical_length_tablet=\u00bb0px\u00bb ol_text_shadow_blur_strength=\u00bbol_text_shadow_style,%91object Object%93&#8243; ol_text_shadow_blur_strength_tablet=\u00bb1px\u00bb quote_text_shadow_horizontal_length=\u00bbquote_text_shadow_style,%91object Object%93&#8243; quote_text_shadow_horizontal_length_tablet=\u00bb0px\u00bb quote_text_shadow_vertical_length=\u00bbquote_text_shadow_style,%91object Object%93&#8243; quote_text_shadow_vertical_length_tablet=\u00bb0px\u00bb quote_text_shadow_blur_strength=\u00bbquote_text_shadow_style,%91object Object%93&#8243; quote_text_shadow_blur_strength_tablet=\u00bb1px\u00bb header_text_shadow_horizontal_length=\u00bbheader_text_shadow_style,%91object Object%93&#8243; header_text_shadow_horizontal_length_tablet=\u00bb0px\u00bb header_text_shadow_vertical_length=\u00bbheader_text_shadow_style,%91object Object%93&#8243; header_text_shadow_vertical_length_tablet=\u00bb0px\u00bb header_text_shadow_blur_strength=\u00bbheader_text_shadow_style,%91object Object%93&#8243; header_text_shadow_blur_strength_tablet=\u00bb1px\u00bb header_2_text_shadow_horizontal_length=\u00bbheader_2_text_shadow_style,%91object Object%93&#8243; header_2_text_shadow_horizontal_length_tablet=\u00bb0px\u00bb header_2_text_shadow_vertical_length=\u00bbheader_2_text_shadow_style,%91object Object%93&#8243; header_2_text_shadow_vertical_length_tablet=\u00bb0px\u00bb header_2_text_shadow_blur_strength=\u00bbheader_2_text_shadow_style,%91object Object%93&#8243; header_2_text_shadow_blur_strength_tablet=\u00bb1px\u00bb header_3_text_shadow_horizontal_length=\u00bbheader_3_text_shadow_style,%91object Object%93&#8243; header_3_text_shadow_horizontal_length_tablet=\u00bb0px\u00bb header_3_text_shadow_vertical_length=\u00bbheader_3_text_shadow_style,%91object Object%93&#8243; header_3_text_shadow_vertical_length_tablet=\u00bb0px\u00bb header_3_text_shadow_blur_strength=\u00bbheader_3_text_shadow_style,%91object Object%93&#8243; header_3_text_shadow_blur_strength_tablet=\u00bb1px\u00bb header_4_text_shadow_horizontal_length=\u00bbheader_4_text_shadow_style,%91object Object%93&#8243; header_4_text_shadow_horizontal_length_tablet=\u00bb0px\u00bb header_4_text_shadow_vertical_length=\u00bbheader_4_text_shadow_style,%91object Object%93&#8243; header_4_text_shadow_vertical_length_tablet=\u00bb0px\u00bb header_4_text_shadow_blur_strength=\u00bbheader_4_text_shadow_style,%91object Object%93&#8243; header_4_text_shadow_blur_strength_tablet=\u00bb1px\u00bb header_5_text_shadow_horizontal_length=\u00bbheader_5_text_shadow_style,%91object Object%93&#8243; header_5_text_shadow_horizontal_length_tablet=\u00bb0px\u00bb header_5_text_shadow_vertical_length=\u00bbheader_5_text_shadow_style,%91object Object%93&#8243; header_5_text_shadow_vertical_length_tablet=\u00bb0px\u00bb header_5_text_shadow_blur_strength=\u00bbheader_5_text_shadow_style,%91object Object%93&#8243; header_5_text_shadow_blur_strength_tablet=\u00bb1px\u00bb header_6_text_shadow_horizontal_length=\u00bbheader_6_text_shadow_style,%91object Object%93&#8243; header_6_text_shadow_horizontal_length_tablet=\u00bb0px\u00bb header_6_text_shadow_vertical_length=\u00bbheader_6_text_shadow_style,%91object Object%93&#8243; header_6_text_shadow_vertical_length_tablet=\u00bb0px\u00bb header_6_text_shadow_blur_strength=\u00bbheader_6_text_shadow_style,%91object Object%93&#8243; header_6_text_shadow_blur_strength_tablet=\u00bb1px\u00bb box_shadow_horizontal_tablet=\u00bb0px\u00bb box_shadow_vertical_tablet=\u00bb0px\u00bb box_shadow_blur_tablet=\u00bb40px\u00bb box_shadow_spread_tablet=\u00bb0px\u00bb z_index_tablet=\u00bb500&#8243; vertical_offset_tablet=\u00bb0&#8243; horizontal_offset_tablet=\u00bb0&#8243;]<\/p>\n<h1><div class='et-box et-shadow'>\n\t\t\t\t\t<div class='et-box-content'><a href=\"https:\/\/docs.google.com\/document\/d\/19dmznAp9WKJvvsF83Lb-7lARdF4Knb1UnQmdr05AwVY\/edit?usp=sharing\">CURS 2021-2022 \u00abEns mou l&#8217;esperan\u00e7a\u00bb<\/a><\/div><\/div><\/h1>\n<h1><div class='et-box et-shadow'>\n\t\t\t\t\t<div class='et-box-content'><a href=\"https:\/\/docs.google.com\/document\/d\/1W0imlSJA0y-oLMteSf0tXICgXWY4gcyLgrJpb1elHT0\/edit?usp=sharing\">CURS 2020-2021 \u00abSom1\u00bb<\/a><\/div><\/div><\/h1>\n<h1><div class='et-box et-shadow'>\n\t\t\t\t\t<div class='et-box-content'><a href=\"https:\/\/docs.google.com\/document\/d\/1P2Uu5hZYw8U3sre84Xe2NI57qJj1lNyucM9xopoAi-k\/edit#heading=h.dld30jd5p599\">CURS 2019-2020 \u00abSom1\u00bb<\/a><\/div><\/div><\/h1>\n<h1><div class='et-box et-shadow'>\n\t\t\t\t\t<div class='et-box-content'><a href=\"https:\/\/docs.google.com\/document\/d\/1bfDjroUn4tYps_6_iQX_u8Sf0fKc3QgFbNZ_pI7ZqDc\/edit\">CURS 2018-2019 \u00abBen connecta&#8217;t\u00bb<\/a><\/div><\/div><\/h1>\n<h1><div class='et-box et-shadow'>\n\t\t\t\t\t<div class='et-box-content'><a href=\"https:\/\/docs.google.com\/document\/d\/1r2lSbiP-QNW8_2Cu9_bPytrHSasuYM_HDcsat5a5Lss\/edit?usp=sharing\">CURS 2017-2018 \u00abVine i veur\u00e0s\u00bb<\/a><\/div><\/div><\/h1>\n<h1><div class='et-box et-shadow'>\n\t\t\t\t\t<div class='et-box-content'>CURS 2016 &#8211; 2017 \u00ab<a href=\"https:\/\/drive.google.com\/file\/d\/0B2GHDVJeLgFjd0V0UFAwQzFQZ2c\/view?usp=sharing\">L&#8217;alegria de cr\u00e9ixer junts<\/a>\u00ab<\/div><\/div><\/h1>\n<h1><div class='et-box et-shadow'>\n\t\t\t\t\t<div class='et-box-content'>CURS 2015 &#8211; 2016 <a href=\"https:\/\/drive.google.com\/drive\/u\/2\/folders\/0B2GHDVJeLgFjQjExQU5vN1gwSGc\">\u00abSols anam m\u00e9s r\u00e0pid, junts arribam m\u00e9s lluny!\u00bb<\/a><\/div><\/div><\/h1>\n<h1><div class='et-box et-shadow'>\n\t\t\t\t\t<div class='et-box-content'>CURS 2014 &#8211; 2015 <a href=\"https:\/\/drive.google.com\/file\/d\/0B2GHDVJeLgFjVktEWmF5R0Y3M1E\/view?usp=sharing\">\u00abPer molts anys, Don Bosco!!!\u00bb<\/a><\/div><\/div><\/h1>\n<h1>\u00a0<\/h1>\n<p>[\/et_pb_text][\/et_pb_column][\/et_pb_row][\/et_pb_section]<\/p>\n","protected":false},"excerpt":{"rendered":"<p>Recull de BON DIA ESO <div class='et-box et-shadow'>\n\t\t\t\t\t<div class='et-box-content'>CURS 2021-2022 \u00abEns mou l&#8217;esperan\u00e7a\u00bb<\/div><\/div><div class='et-box et-shadow'>\n\t\t\t\t\t<div class='et-box-content'>CURS 2020-2021 \u00abSom1\u00bb<\/div><\/div><div class='et-box et-shadow'>\n\t\t\t\t\t<div class='et-box-content'>CURS 2019-2020 \u00abSom1\u00bb<\/div><\/div><div class='et-box et-shadow'>\n\t\t\t\t\t<div class='et-box-content'>CURS 2018-2019 \u00abBen connecta&#8217;t\u00bb<\/div><\/div><div class='et-box et-shadow'>\n\t\t\t\t\t<div class='et-box-content'>CURS 2017-2018 \u00abVine i veur\u00e0s\u00bb<\/div><\/div><div class='et-box et-shadow'>\n\t\t\t\t\t<div class='et-box-content'>CURS 2016 &#8211; 2017 \u00abL&#8217;alegria de cr\u00e9ixer junts\u00bb<\/div><\/div><div class='et-box et-shadow'>\n\t\t\t\t\t<div class='et-box-content'>CURS 2015 &#8211; 2016 \u00abSols anam m\u00e9s r\u00e0pid, junts arribam m\u00e9s lluny!\u00bb<\/div><\/div><div class='et-box et-shadow'>\n\t\t\t\t\t<div class='et-box-content'>CURS 2014 &#8211; 2015 \u00abPer molts anys, Don Bosco!!!\u00bb<\/div><\/div>\u00a0<\/p>\n","protected":false},"author":2,"featured_media":0,"parent":0,"menu_order":0,"comment_status":"closed","ping_status":"closed","template":"","meta":{"_et_pb_use_builder":"on","_et_pb_old_content":"","_et_gb_content_width":"","footnotes":""},"class_list":["post-1203","page","type-page","status-publish","hentry"],"yoast_head":"<!-- This site is optimized with the Yoast SEO plugin v27.3 - https:\/\/yoast.com\/product\/yoast-seo-wordpress\/ -->\n<title>Bon dia ESO - Escola<\/title>\n<meta name=\"robots\" content=\"index, follow, max-snippet:-1, max-image-preview:large, max-video-preview:-1\" \/>\n<link rel=\"canonical\" href=\"https:\/\/ciutadella.salesians.cat\/escola\/bon-dia-eso-bons-dies-ep\/\" \/>\n<meta property=\"og:locale\" content=\"es_ES\" \/>\n<meta property=\"og:type\" content=\"article\" \/>\n<meta property=\"og:title\" content=\"Bon dia ESO - Escola\" \/>\n<meta property=\"og:description\" content=\"Recull de BON DIA ESO \u00a0\" \/>\n<meta property=\"og:url\" content=\"https:\/\/ciutadella.salesians.cat\/escola\/bon-dia-eso-bons-dies-ep\/\" \/>\n<meta property=\"og:site_name\" content=\"Escola\" \/>\n<meta property=\"article:modified_time\" content=\"2021-09-07T06:16:38+00:00\" \/>\n<meta name=\"twitter:card\" content=\"summary_large_image\" \/>\n<meta name=\"twitter:label1\" content=\"Tiempo de lectura\" \/>\n\t<meta name=\"twitter:data1\" content=\"4 minutos\" \/>\n<script type=\"application\/ld+json\" class=\"yoast-schema-graph\">{\"@context\":\"https:\\\/\\\/schema.org\",\"@graph\":[{\"@type\":\"WebPage\",\"@id\":\"https:\\\/\\\/ciutadella.salesians.cat\\\/escola\\\/bon-dia-eso-bons-dies-ep\\\/\",\"url\":\"https:\\\/\\\/ciutadella.salesians.cat\\\/escola\\\/bon-dia-eso-bons-dies-ep\\\/\",\"name\":\"Bon dia ESO - Escola\",\"isPartOf\":{\"@id\":\"https:\\\/\\\/ciutadella.salesians.cat\\\/escola\\\/#website\"},\"datePublished\":\"2017-06-11T15:09:30+00:00\",\"dateModified\":\"2021-09-07T06:16:38+00:00\",\"breadcrumb\":{\"@id\":\"https:\\\/\\\/ciutadella.salesians.cat\\\/escola\\\/bon-dia-eso-bons-dies-ep\\\/#breadcrumb\"},\"inLanguage\":\"es\",\"potentialAction\":[{\"@type\":\"ReadAction\",\"target\":[\"https:\\\/\\\/ciutadella.salesians.cat\\\/escola\\\/bon-dia-eso-bons-dies-ep\\\/\"]}]},{\"@type\":\"BreadcrumbList\",\"@id\":\"https:\\\/\\\/ciutadella.salesians.cat\\\/escola\\\/bon-dia-eso-bons-dies-ep\\\/#breadcrumb\",\"itemListElement\":[{\"@type\":\"ListItem\",\"position\":1,\"name\":\"Inici\",\"item\":\"https:\\\/\\\/ciutadella.salesians.cat\\\/escola\\\/\"},{\"@type\":\"ListItem\",\"position\":2,\"name\":\"Bon dia ESO\"}]},{\"@type\":\"WebSite\",\"@id\":\"https:\\\/\\\/ciutadella.salesians.cat\\\/escola\\\/#website\",\"url\":\"https:\\\/\\\/ciutadella.salesians.cat\\\/escola\\\/\",\"name\":\"Escola\",\"description\":\"P\u00e0gina oficial de Salesians Ciutadella\",\"potentialAction\":[{\"@type\":\"SearchAction\",\"target\":{\"@type\":\"EntryPoint\",\"urlTemplate\":\"https:\\\/\\\/ciutadella.salesians.cat\\\/escola\\\/?s={search_term_string}\"},\"query-input\":{\"@type\":\"PropertyValueSpecification\",\"valueRequired\":true,\"valueName\":\"search_term_string\"}}],\"inLanguage\":\"es\"}]}<\/script>\n<!-- \/ Yoast SEO plugin. -->","yoast_head_json":{"title":"Bon dia ESO - Escola","robots":{"index":"index","follow":"follow","max-snippet":"max-snippet:-1","max-image-preview":"max-image-preview:large","max-video-preview":"max-video-preview:-1"},"canonical":"https:\/\/ciutadella.salesians.cat\/escola\/bon-dia-eso-bons-dies-ep\/","og_locale":"es_ES","og_type":"article","og_title":"Bon dia ESO - Escola","og_description":"Recull de BON DIA ESO \u00a0","og_url":"https:\/\/ciutadella.salesians.cat\/escola\/bon-dia-eso-bons-dies-ep\/","og_site_name":"Escola","article_modified_time":"2021-09-07T06:16:38+00:00","twitter_card":"summary_large_image","twitter_misc":{"Tiempo de lectura":"4 minutos"},"schema":{"@context":"https:\/\/schema.org","@graph":[{"@type":"WebPage","@id":"https:\/\/ciutadella.salesians.cat\/escola\/bon-dia-eso-bons-dies-ep\/","url":"https:\/\/ciutadella.salesians.cat\/escola\/bon-dia-eso-bons-dies-ep\/","name":"Bon dia ESO - Escola","isPartOf":{"@id":"https:\/\/ciutadella.salesians.cat\/escola\/#website"},"datePublished":"2017-06-11T15:09:30+00:00","dateModified":"2021-09-07T06:16:38+00:00","breadcrumb":{"@id":"https:\/\/ciutadella.salesians.cat\/escola\/bon-dia-eso-bons-dies-ep\/#breadcrumb"},"inLanguage":"es","potentialAction":[{"@type":"ReadAction","target":["https:\/\/ciutadella.salesians.cat\/escola\/bon-dia-eso-bons-dies-ep\/"]}]},{"@type":"BreadcrumbList","@id":"https:\/\/ciutadella.salesians.cat\/escola\/bon-dia-eso-bons-dies-ep\/#breadcrumb","itemListElement":[{"@type":"ListItem","position":1,"name":"Inici","item":"https:\/\/ciutadella.salesians.cat\/escola\/"},{"@type":"ListItem","position":2,"name":"Bon dia ESO"}]},{"@type":"WebSite","@id":"https:\/\/ciutadella.salesians.cat\/escola\/#website","url":"https:\/\/ciutadella.salesians.cat\/escola\/","name":"Escola","description":"P\u00e0gina oficial de Salesians Ciutadella","potentialAction":[{"@type":"SearchAction","target":{"@type":"EntryPoint","urlTemplate":"https:\/\/ciutadella.salesians.cat\/escola\/?s={search_term_string}"},"query-input":{"@type":"PropertyValueSpecification","valueRequired":true,"valueName":"search_term_string"}}],"inLanguage":"es"}]}},"_links":{"self":[{"href":"https:\/\/ciutadella.salesians.cat\/escola\/wp-json\/wp\/v2\/pages\/1203","targetHints":{"allow":["GET"]}}],"collection":[{"href":"https:\/\/ciutadella.salesians.cat\/escola\/wp-json\/wp\/v2\/pages"}],"about":[{"href":"https:\/\/ciutadella.salesians.cat\/escola\/wp-json\/wp\/v2\/types\/page"}],"author":[{"embeddable":true,"href":"https:\/\/ciutadella.salesians.cat\/escola\/wp-json\/wp\/v2\/users\/2"}],"replies":[{"embeddable":true,"href":"https:\/\/ciutadella.salesians.cat\/escola\/wp-json\/wp\/v2\/comments?post=1203"}],"version-history":[{"count":11,"href":"https:\/\/ciutadella.salesians.cat\/escola\/wp-json\/wp\/v2\/pages\/1203\/revisions"}],"predecessor-version":[{"id":5944,"href":"https:\/\/ciutadella.salesians.cat\/escola\/wp-json\/wp\/v2\/pages\/1203\/revisions\/5944"}],"wp:attachment":[{"href":"https:\/\/ciutadella.salesians.cat\/escola\/wp-json\/wp\/v2\/media?parent=1203"}],"curies":[{"name":"wp","href":"https:\/\/api.w.org\/{rel}","templated":true}]}}