{"id":4413,"date":"2017-09-15T15:01:14","date_gmt":"2017-09-15T15:01:14","guid":{"rendered":"http:\/\/ciutadella.salesians.cat\/escola\/?page_id=4413"},"modified":"2017-09-15T17:33:32","modified_gmt":"2017-09-15T17:33:32","slug":"apps","status":"publish","type":"page","link":"https:\/\/ciutadella.salesians.cat\/escola\/apps\/","title":{"rendered":"Apps"},"content":{"rendered":"<p>[et_pb_section bb_built=\u00bb1&#8243; fullwidth=\u00bbon\u00bb _builder_version=\u00bb3.0.47&#8243;][et_pb_fullwidth_header title=\u00bbApps alumnes\u00bb title_font_color=\u00bb#ffffff\u00bb module_class=\u00bbpagina-imagen-cabecera\u00bb _builder_version=\u00bb3.0.63&#8243; title_font_size=\u00bb40px\u00bb background_image=\u00bbhttp:\/\/ciutadella.salesians.cat\/escola\/wp-content\/uploads\/sites\/2\/2017\/05\/IMG_2482.jpg\u00bb background_url=\u00bbhttps:\/\/alicante.salesianos.edu\/colegio\/wp-content\/uploads\/sites\/2\/2017\/03\/Captura-de-pantalla-2017-04-12-a-las-22.32.46.png\u00bb text_orientation=\u00bbleft\u00bb header_fullscreen=\u00bboff\u00bb header_scroll_down=\u00bboff\u00bb image_orientation=\u00bbcenter\u00bb background_layout=\u00bblight\u00bb content_orientation=\u00bbcenter\u00bb custom_button_one=\u00bboff\u00bb button_one_letter_spacing=\u00bb0&#8243; button_one_icon_placement=\u00bbright\u00bb button_one_letter_spacing_hover=\u00bb0&#8243; custom_button_two=\u00bboff\u00bb button_two_letter_spacing=\u00bb0&#8243; button_two_icon_placement=\u00bbright\u00bb button_two_letter_spacing_hover=\u00bb0&#8243; \/][\/et_pb_section][et_pb_section bb_built=\u00bb1&#8243; custom_padding=\u00bb0%|0px|50px|\u00bb module_class=\u00bbpagina-seccion-contenido\u00bb _builder_version=\u00bb3.0.66&#8243;][et_pb_row custom_padding=\u00bb25px|0px|0px|0px\u00bb custom_margin=\u00bb25px|||\u00bb parallax_method_1=\u00bboff\u00bb module_class=\u00bbpagina-texto\u00bb _builder_version=\u00bb3.0.72&#8243; background_size=\u00bbinitial\u00bb background_position=\u00bbtop_left\u00bb background_repeat=\u00bbrepeat\u00bb][et_pb_column type=\u00bb2_3&#8243;][et_pb_text _builder_version=\u00bb3.0.63&#8243; custom_margin=\u00bb15px|||\u00bb background_layout=\u00bblight\u00bb text_orientation=\u00bbleft\u00bb border_style=\u00bbsolid\u00bb]<\/p>\n<h1>Totes les Apps que necessites en un mateix lloc<\/h1>\n<p>[\/et_pb_text][et_pb_text _builder_version=\u00bb3.0.63&#8243; background_size=\u00bbinitial\u00bb background_position=\u00bbtop_left\u00bb background_repeat=\u00bbrepeat\u00bb background_layout=\u00bblight\u00bb text_orientation=\u00bbleft\u00bb border_style=\u00bbsolid\u00bb text_font_size=\u00bb15&#8243;]<\/p>\n<p>Si ets alumne\/a de l&#8217;escola aquest espai \u00e9s per a tu. Aqu\u00ed hi trobar\u00e0s les Apps que m\u00e9s utilitzes en el teu dia a dia.<\/p>\n<p>Amb el temps anirem afegint aplicacions i altres funcions, per\u00f2 si veus que de moment te&#8217;n falta alguna volem saber-ho. M\u00e9s avall hi ha un formulari perqu\u00e8 ens ho puguis comunicar.<\/p>\n<p>[\/et_pb_text][\/et_pb_column][et_pb_column type=\u00bb1_3&#8243;][et_pb_number_counter title=\u00bbApps\u00bb number=\u00bb9&#8243; percent_sign=\u00bboff\u00bb _builder_version=\u00bb3.0.63&#8243; title_font=\u00bbLato||||\u00bb title_font_size=\u00bb47px\u00bb title_line_height=\u00bb1.7em\u00bb number_font=\u00bbLato||||\u00bb number_font_size=\u00bb100px\u00bb custom_padding=\u00bb||NaNpx|\u00bb background_layout=\u00bblight\u00bb number_text_color=\u00bb#dc001b\u00bb border_style=\u00bbsolid\u00bb \/][\/et_pb_column][\/et_pb_row][et_pb_row custom_padding=\u00bb25px||0px|\u00bb custom_margin=\u00bb40px|||\u00bb _builder_version=\u00bb3.0.72&#8243;][et_pb_column type=\u00bb4_4&#8243;][et_pb_text admin_label=\u00bbCategor\u00eda Apps (Texto)\u00bb _builder_version=\u00bb3.0.63&#8243; text_font=\u00bbLato||||\u00bb text_font_size=\u00bb32px\u00bb text_text_color=\u00bb#e02b20&#8243; text_line_height=\u00bb1em\u00bb custom_margin=\u00bb||50px|\u00bb custom_padding=\u00bb|||\u00bb background_layout=\u00bblight\u00bb text_orientation=\u00bbleft\u00bb border_style=\u00bbsolid\u00bb]<\/p>\n<p>Apps acad\u00e8miques<\/p>\n<p>[\/et_pb_text][\/et_pb_column][\/et_pb_row][et_pb_row custom_padding=\u00bb0px|0px|0px|0px\u00bb custom_margin=\u00bb|||\u00bb _builder_version=\u00bb3.0.72&#8243;][et_pb_column type=\u00bb1_4&#8243;][et_pb_image admin_label=\u00bbIcono app (Imagen)\u00bb src=\u00bbhttp:\/\/ciutadella.salesians.cat\/escola\/wp-content\/uploads\/sites\/2\/2017\/09\/fe78f3f7b495697dd350fbc3518b2b4a.jpg\u00bb url_new_window=\u00bbon\u00bb sticky=\u00bbon\u00bb align=\u00bbcenter\u00bb max_width=\u00bb200px\u00bb _builder_version=\u00bb3.0.63&#8243; custom_margin=\u00bb||16px|\u00bb animation_style=\u00bbslide\u00bb animation_direction=\u00bbtop\u00bb animation_duration=\u00bb500ms\u00bb animation_intensity_slide=\u00bb10%\u00bb animation=\u00bbtop\u00bb saved_tabs=\u00bball\u00bb show_in_lightbox=\u00bboff\u00bb use_overlay=\u00bboff\u00bb always_center_on_mobile=\u00bbon\u00bb border_style=\u00bbsolid\u00bb force_fullwidth=\u00bboff\u00bb url=\u00bbhttps:\/\/epe.edebe.com\u00bb \/][et_pb_text admin_label=\u00bbNombre App (Texto)\u00bb text_orientation=\u00bbcenter\u00bb max_width=\u00bb200px\u00bb _builder_version=\u00bb3.0.63&#8243; text_font=\u00bbLato Light||||\u00bb text_font_size=\u00bb24px\u00bb text_line_height=\u00bb1em\u00bb custom_margin=\u00bb||20px|\u00bb animation_style=\u00bbslide\u00bb animation_direction=\u00bbtop\u00bb animation_duration=\u00bb500ms\u00bb animation_intensity_slide=\u00bb10%\u00bb saved_tabs=\u00bball\u00bb background_layout=\u00bblight\u00bb border_style=\u00bbsolid\u00bb module_class=\u00bbpagina-texto-light\u00bb]<\/p>\n<p>Edeb\u00e9 on<\/p>\n<p>[\/et_pb_text][\/et_pb_column][et_pb_column type=\u00bb1_4&#8243;][et_pb_image admin_label=\u00bbIcono app (Imagen)\u00bb src=\u00bbhttp:\/\/ciutadella.salesians.cat\/escola\/wp-content\/uploads\/sites\/2\/2017\/09\/google_classroom_logo.jpg\u00bb url_new_window=\u00bbon\u00bb sticky=\u00bbon\u00bb align=\u00bbcenter\u00bb max_width=\u00bb200px\u00bb _builder_version=\u00bb3.0.63&#8243; custom_margin=\u00bb||16px|\u00bb animation_style=\u00bbslide\u00bb animation_direction=\u00bbtop\u00bb animation_duration=\u00bb500ms\u00bb animation_intensity_slide=\u00bb10%\u00bb animation=\u00bbtop\u00bb saved_tabs=\u00bball\u00bb show_in_lightbox=\u00bboff\u00bb use_overlay=\u00bboff\u00bb always_center_on_mobile=\u00bbon\u00bb border_style=\u00bbsolid\u00bb force_fullwidth=\u00bboff\u00bb url=\u00bbhttps:\/\/classroom.google.com\/u\/0\/h\u00bb \/][et_pb_text admin_label=\u00bbNombre App (Texto)\u00bb text_orientation=\u00bbcenter\u00bb max_width=\u00bb200px\u00bb _builder_version=\u00bb3.0.63&#8243; text_font=\u00bbLato Light||||\u00bb text_font_size=\u00bb24px\u00bb text_line_height=\u00bb1em\u00bb custom_margin=\u00bb||20px|\u00bb animation_style=\u00bbslide\u00bb animation_direction=\u00bbtop\u00bb animation_duration=\u00bb500ms\u00bb animation_intensity_slide=\u00bb10%\u00bb saved_tabs=\u00bball\u00bb background_layout=\u00bblight\u00bb border_style=\u00bbsolid\u00bb module_class=\u00bbpagina-texto-light\u00bb]<\/p>\n<p>Classroom<\/p>\n<p>[\/et_pb_text][\/et_pb_column][et_pb_column type=\u00bb1_4&#8243;][et_pb_image admin_label=\u00bbIcono app (Imagen)\u00bb src=\u00bbhttps:\/\/alicante.salesianos.edu\/colegio\/wp-content\/uploads\/sites\/2\/2017\/04\/icono_gmail1-min.png\u00bb url=\u00bbhttp:\/\/gmail.google.com\u00bb url_new_window=\u00bbon\u00bb sticky=\u00bbon\u00bb align=\u00bbcenter\u00bb max_width=\u00bb200px\u00bb _builder_version=\u00bb3.0.72&#8243; custom_margin=\u00bb||16px|\u00bb animation_style=\u00bbslide\u00bb animation_direction=\u00bbtop\u00bb animation_duration=\u00bb500ms\u00bb animation_intensity_slide=\u00bb10%\u00bb animation=\u00bbtop\u00bb saved_tabs=\u00bball\u00bb show_in_lightbox=\u00bboff\u00bb use_overlay=\u00bboff\u00bb always_center_on_mobile=\u00bbon\u00bb border_style=\u00bbsolid\u00bb force_fullwidth=\u00bboff\u00bb \/][et_pb_text admin_label=\u00bbNombre App (Texto)\u00bb text_orientation=\u00bbcenter\u00bb max_width=\u00bb200px\u00bb _builder_version=\u00bb3.0.72&#8243; text_font=\u00bbLato Light||||\u00bb text_font_size=\u00bb24px\u00bb text_line_height=\u00bb1em\u00bb custom_margin=\u00bb||20px|\u00bb animation_style=\u00bbslide\u00bb animation_direction=\u00bbtop\u00bb animation_duration=\u00bb500ms\u00bb animation_intensity_slide=\u00bb10%\u00bb saved_tabs=\u00bball\u00bb background_layout=\u00bblight\u00bb border_style=\u00bbsolid\u00bb module_class=\u00bbpagina-texto-light\u00bb]<\/p>\n<p>Gmail<\/p>\n<p>[\/et_pb_text][\/et_pb_column][et_pb_column type=\u00bb1_4&#8243;][et_pb_image admin_label=\u00bbIcono app (Imagen)\u00bb src=\u00bbhttps:\/\/alicante.salesianos.edu\/colegio\/wp-content\/uploads\/sites\/2\/2017\/04\/icono_google_drive-min.png\u00bb url=\u00bbhttp:\/\/drive.google.com\u00bb url_new_window=\u00bbon\u00bb sticky=\u00bbon\u00bb align=\u00bbcenter\u00bb max_width=\u00bb200px\u00bb _builder_version=\u00bb3.0.72&#8243; custom_margin=\u00bb||16px|\u00bb animation_style=\u00bbslide\u00bb animation_direction=\u00bbtop\u00bb animation_duration=\u00bb500ms\u00bb animation_intensity_slide=\u00bb10%\u00bb animation=\u00bbtop\u00bb saved_tabs=\u00bball\u00bb \/][et_pb_text admin_label=\u00bbNombre App (Texto)\u00bb text_orientation=\u00bbcenter\u00bb max_width=\u00bb200px\u00bb _builder_version=\u00bb3.0.72&#8243; text_font=\u00bbLato Light||||\u00bb text_font_size=\u00bb24px\u00bb text_line_height=\u00bb1em\u00bb custom_margin=\u00bb||20px|\u00bb animation_style=\u00bbslide\u00bb animation_direction=\u00bbtop\u00bb animation_duration=\u00bb450ms\u00bb animation_intensity_slide=\u00bb10%\u00bb saved_tabs=\u00bball\u00bb background_layout=\u00bblight\u00bb border_style=\u00bbsolid\u00bb module_class=\u00bbpagina-texto-light\u00bb]<\/p>\n<p>Google Drive<\/p>\n<p>[\/et_pb_text][et_pb_image sticky=\u00bbon\u00bb align=\u00bbcenter\u00bb max_width=\u00bb200px\u00bb _builder_version=\u00bb3.0.66&#8243; custom_margin=\u00bb||15px|\u00bb animation_style=\u00bbslide\u00bb animation_direction=\u00bbtop\u00bb animation_duration=\u00bb500ms\u00bb animation_intensity_slide=\u00bb10%\u00bb animation=\u00bbtop\u00bb \/][\/et_pb_column][\/et_pb_row][et_pb_row custom_padding=\u00bb0px|0px|0px|0px\u00bb custom_margin=\u00bb|||\u00bb _builder_version=\u00bb3.0.72&#8243;][et_pb_column type=\u00bb1_4&#8243;][et_pb_image admin_label=\u00bbIcono app (Imagen)\u00bb src=\u00bbhttps:\/\/alicante.salesianos.edu\/colegio\/wp-content\/uploads\/sites\/2\/2017\/04\/icono_geogebra-min.png\u00bb url=\u00bbhttp:\/\/geogebra.org\u00bb url_new_window=\u00bbon\u00bb sticky=\u00bbon\u00bb align=\u00bbcenter\u00bb max_width=\u00bb200px\u00bb _builder_version=\u00bb3.0.72&#8243; custom_margin=\u00bb||16px|\u00bb animation_style=\u00bbslide\u00bb animation_direction=\u00bbtop\u00bb animation_duration=\u00bb500ms\u00bb animation_intensity_slide=\u00bb10%\u00bb animation=\u00bbtop\u00bb saved_tabs=\u00bball\u00bb \/][et_pb_text admin_label=\u00bbNombre App (Texto)\u00bb text_orientation=\u00bbcenter\u00bb max_width=\u00bb200px\u00bb _builder_version=\u00bb3.0.72&#8243; text_font=\u00bbLato Light||||\u00bb text_font_size=\u00bb24px\u00bb text_line_height=\u00bb1em\u00bb custom_margin=\u00bb||20px|\u00bb animation_style=\u00bbslide\u00bb animation_direction=\u00bbtop\u00bb animation_duration=\u00bb500ms\u00bb animation_intensity_slide=\u00bb10%\u00bb saved_tabs=\u00bball\u00bb background_layout=\u00bblight\u00bb border_style=\u00bbsolid\u00bb module_class=\u00bbpagina-texto-light\u00bb]<\/p>\n<p>Geogebra<\/p>\n<p>[\/et_pb_text][\/et_pb_column][et_pb_column type=\u00bb1_4&#8243;][et_pb_image admin_label=\u00bbIcono app (Imagen)\u00bb src=\u00bbhttps:\/\/alicante.salesianos.edu\/colegio\/wp-content\/uploads\/sites\/2\/2017\/04\/icono_class_dojo-min.png\u00bb url=\u00bbhttps:\/\/student.classdojo.com\/#\/login\u00bb url_new_window=\u00bbon\u00bb sticky=\u00bbon\u00bb align=\u00bbcenter\u00bb max_width=\u00bb200px\u00bb _builder_version=\u00bb3.0.63&#8243; custom_margin=\u00bb||16px|\u00bb animation_style=\u00bbslide\u00bb animation_direction=\u00bbtop\u00bb animation_duration=\u00bb500ms\u00bb animation_intensity_slide=\u00bb10%\u00bb animation=\u00bbtop\u00bb saved_tabs=\u00bball\u00bb \/][et_pb_text admin_label=\u00bbNombre App (Texto)\u00bb text_orientation=\u00bbcenter\u00bb max_width=\u00bb200px\u00bb _builder_version=\u00bb3.0.63&#8243; text_font=\u00bbLato Light||||\u00bb text_font_size=\u00bb24px\u00bb text_line_height=\u00bb1em\u00bb custom_margin=\u00bb||20px|\u00bb animation_style=\u00bbslide\u00bb animation_direction=\u00bbtop\u00bb animation_duration=\u00bb500ms\u00bb animation_intensity_slide=\u00bb10%\u00bb saved_tabs=\u00bball\u00bb background_layout=\u00bblight\u00bb border_style=\u00bbsolid\u00bb module_class=\u00bbpagina-texto-light\u00bb]<\/p>\n<p>ClassDojo<\/p>\n<p>[\/et_pb_text][\/et_pb_column][et_pb_column type=\u00bb1_4&#8243;][et_pb_image admin_label=\u00bbIcono app (Imagen)\u00bb src=\u00bbhttps:\/\/alicante.salesianos.edu\/colegio\/wp-content\/uploads\/sites\/2\/2017\/04\/icono_classcraft-min.png\u00bb url=\u00bbhttps:\/\/game.classcraft.com\/signup\/student\u00bb url_new_window=\u00bbon\u00bb sticky=\u00bbon\u00bb align=\u00bbcenter\u00bb max_width=\u00bb200px\u00bb _builder_version=\u00bb3.0.63&#8243; custom_margin=\u00bb||16px|\u00bb animation_style=\u00bbslide\u00bb animation_direction=\u00bbtop\u00bb animation_duration=\u00bb500ms\u00bb animation_intensity_slide=\u00bb10%\u00bb animation=\u00bbtop\u00bb saved_tabs=\u00bball\u00bb \/][et_pb_text admin_label=\u00bbNombre App (Texto)\u00bb text_orientation=\u00bbcenter\u00bb max_width=\u00bb200px\u00bb _builder_version=\u00bb3.0.72&#8243; text_font=\u00bbLato Light||||\u00bb text_font_size=\u00bb24px\u00bb text_line_height=\u00bb1em\u00bb custom_margin=\u00bb||20px|\u00bb animation_style=\u00bbslide\u00bb animation_direction=\u00bbtop\u00bb animation_duration=\u00bb500ms\u00bb animation_intensity_slide=\u00bb10%\u00bb saved_tabs=\u00bball\u00bb background_layout=\u00bblight\u00bb border_style=\u00bbsolid\u00bb module_class=\u00bbpagina-texto-light\u00bb]<\/p>\n<p>ClassCraft<\/p>\n<p>[\/et_pb_text][\/et_pb_column][et_pb_column type=\u00bb1_4&#8243;][et_pb_image admin_label=\u00bbIcono app (Imagen)\u00bb src=\u00bbhttps:\/\/alicante.salesianos.edu\/colegio\/wp-content\/uploads\/sites\/2\/2017\/04\/icono_kahoot-min.png\u00bb url=\u00bbhttps:\/\/kahoot.it\u00bb url_new_window=\u00bbon\u00bb sticky=\u00bbon\u00bb align=\u00bbcenter\u00bb max_width=\u00bb200px\u00bb _builder_version=\u00bb3.0.63&#8243; custom_margin=\u00bb||16px|\u00bb animation_style=\u00bbslide\u00bb animation_direction=\u00bbtop\u00bb animation_duration=\u00bb500ms\u00bb animation_intensity_slide=\u00bb10%\u00bb animation=\u00bbtop\u00bb saved_tabs=\u00bball\u00bb \/][et_pb_text admin_label=\u00bbNombre App (Texto)\u00bb text_orientation=\u00bbcenter\u00bb max_width=\u00bb200px\u00bb _builder_version=\u00bb3.0.72&#8243; text_font=\u00bbLato Light||||\u00bb text_font_size=\u00bb24px\u00bb text_line_height=\u00bb1em\u00bb custom_margin=\u00bb||20px|\u00bb animation_style=\u00bbslide\u00bb animation_direction=\u00bbtop\u00bb animation_duration=\u00bb500ms\u00bb animation_intensity_slide=\u00bb10%\u00bb saved_tabs=\u00bball\u00bb background_layout=\u00bblight\u00bb border_style=\u00bbsolid\u00bb module_class=\u00bbpagina-texto-light\u00bb]<\/p>\n<p>Kahoot!<\/p>\n<p>[\/et_pb_text][et_pb_image sticky=\u00bbon\u00bb align=\u00bbcenter\u00bb max_width=\u00bb200px\u00bb _builder_version=\u00bb3.0.63&#8243; custom_margin=\u00bb||15px|\u00bb animation_style=\u00bbslide\u00bb animation_direction=\u00bbtop\u00bb animation_duration=\u00bb500ms\u00bb animation_intensity_slide=\u00bb10%\u00bb animation=\u00bbtop\u00bb \/][\/et_pb_column][\/et_pb_row][et_pb_row custom_padding=\u00bb0px|0px|0px|0px\u00bb custom_margin=\u00bb|||\u00bb _builder_version=\u00bb3.0.72&#8243;][et_pb_column type=\u00bb1_4&#8243;][et_pb_image admin_label=\u00bbIcono app (Imagen)\u00bb src=\u00bbhttps:\/\/alicante.salesianos.edu\/colegio\/wp-content\/uploads\/sites\/2\/2017\/04\/icono_duolingo-min.png\u00bb url=\u00bbhttp:\/\/duolingo.com\u00bb url_new_window=\u00bbon\u00bb sticky=\u00bbon\u00bb align=\u00bbcenter\u00bb max_width=\u00bb200px\u00bb _builder_version=\u00bb3.0.63&#8243; custom_margin=\u00bb||16px|\u00bb animation_style=\u00bbslide\u00bb animation_direction=\u00bbtop\u00bb animation_duration=\u00bb500ms\u00bb animation_intensity_slide=\u00bb10%\u00bb animation=\u00bbtop\u00bb saved_tabs=\u00bball\u00bb \/][et_pb_text admin_label=\u00bbNombre App (Texto)\u00bb text_orientation=\u00bbcenter\u00bb max_width=\u00bb200px\u00bb _builder_version=\u00bb3.0.72&#8243; text_font=\u00bbLato Light||||\u00bb text_font_size=\u00bb24px\u00bb text_line_height=\u00bb1em\u00bb custom_margin=\u00bb||20px|\u00bb animation_style=\u00bbslide\u00bb animation_direction=\u00bbtop\u00bb animation_duration=\u00bb500ms\u00bb animation_intensity_slide=\u00bb10%\u00bb saved_tabs=\u00bball\u00bb background_layout=\u00bblight\u00bb border_style=\u00bbsolid\u00bb module_class=\u00bbpagina-texto-light\u00bb]<\/p>\n<p>Duolingo<\/p>\n<p>[\/et_pb_text][\/et_pb_column][et_pb_column type=\u00bb1_4&#8243;][\/et_pb_column][et_pb_column type=\u00bb1_4&#8243;][\/et_pb_column][et_pb_column type=\u00bb1_4&#8243;][et_pb_image sticky=\u00bbon\u00bb align=\u00bbcenter\u00bb max_width=\u00bb200px\u00bb _builder_version=\u00bb3.0.66&#8243; custom_margin=\u00bb||15px|\u00bb animation_style=\u00bbslide\u00bb animation_direction=\u00bbtop\u00bb animation_duration=\u00bb500ms\u00bb animation_intensity_slide=\u00bb10%\u00bb animation=\u00bbtop\u00bb \/][\/et_pb_column][\/et_pb_row][et_pb_row custom_padding=\u00bb25px|||\u00bb custom_margin=\u00bb40px|||\u00bb _builder_version=\u00bb3.0.66&#8243;][et_pb_column type=\u00bb1_3&#8243;][et_pb_blurb use_icon=\u00bbon\u00bb font_icon=\u00bb%%47%%\u00bb use_icon_font_size=\u00bbon\u00bb icon_font_size=\u00bb120px\u00bb _builder_version=\u00bb3.0.63&#8243; \/][\/et_pb_column][et_pb_column type=\u00bb2_3&#8243;][et_pb_contact_form email=\u00bbweb@ciutadella.salesians.cat\u00bb title=\u00bbTrobes a faltar alguna App? Volem saber-ho!\u00bb module_id=\u00bbet_pb_contact_form_0&#8243; _builder_version=\u00bb3.0.63&#8243; captcha=\u00bbon\u00bb use_redirect=\u00bboff\u00bb input_border_radius=\u00bb0&#8243; border_style=\u00bbsolid\u00bb custom_button=\u00bboff\u00bb button_letter_spacing=\u00bb0&#8243; button_icon_placement=\u00bbright\u00bb button_letter_spacing_hover=\u00bb0&#8243;] [et_pb_contact_field field_id=\u00bbName\u00bb field_title=\u00bbNom i llinatge\u00bb _builder_version=\u00bb3.0.47&#8243; field_type=\u00bbinput\u00bb checkbox_checked=\u00bboff\u00bb min_length=\u00bb0&#8243; max_length=\u00bb0&#8243; allowed_symbols=\u00bball\u00bb required_mark=\u00bbon\u00bb conditional_logic=\u00bboff\u00bb conditional_logic_relation=\u00bboff\u00bb conditional_logic_rules=\u00bb%91{%22field%22:%22email%22,%22condition%22:%22is%22,%22value%22:%22%22}%93&#8243; fullwidth_field=\u00bbon\u00bb form_field_font_select=\u00bbdefault\u00bb form_field_font=\u00bb||||\u00bb use_border_color=\u00bboff\u00bb border_style=\u00bbsolid\u00bb \/][et_pb_contact_field field_id=\u00bbEmail\u00bb field_title=\u00bbDirecci\u00f3 de correu electr\u00f2nic\u00bb field_type=\u00bbemail\u00bb _builder_version=\u00bb3.0.47&#8243; checkbox_checked=\u00bboff\u00bb min_length=\u00bb0&#8243; max_length=\u00bb0&#8243; allowed_symbols=\u00bball\u00bb required_mark=\u00bbon\u00bb conditional_logic=\u00bboff\u00bb conditional_logic_relation=\u00bboff\u00bb conditional_logic_rules=\u00bb%91{%22field%22:%22name%22,%22condition%22:%22is%22,%22value%22:%22%22}%93&#8243; fullwidth_field=\u00bbon\u00bb form_field_font_select=\u00bbdefault\u00bb form_field_font=\u00bb||||\u00bb use_border_color=\u00bboff\u00bb border_style=\u00bbsolid\u00bb \/][et_pb_contact_field field_id=\u00bbMessage\u00bb field_title=\u00bbMissatge\u00bb field_type=\u00bbtext\u00bb fullwidth_field=\u00bbon\u00bb _builder_version=\u00bb3.0.47&#8243; checkbox_checked=\u00bboff\u00bb min_length=\u00bb0&#8243; max_length=\u00bb0&#8243; allowed_symbols=\u00bball\u00bb required_mark=\u00bbon\u00bb conditional_logic=\u00bboff\u00bb conditional_logic_relation=\u00bboff\u00bb conditional_logic_rules=\u00bb%91{%22field%22:%22name%22,%22condition%22:%22is%22,%22value%22:%22%22}%93&#8243; form_field_font_select=\u00bbdefault\u00bb form_field_font=\u00bb||||\u00bb use_border_color=\u00bboff\u00bb border_style=\u00bbsolid\u00bb \/] [\/et_pb_contact_form][\/et_pb_column][\/et_pb_row][\/et_pb_section][et_pb_section bb_built=\u00bb1&#8243;][et_pb_row][\/et_pb_row][\/et_pb_section]<\/p>\n","protected":false},"excerpt":{"rendered":"<p>Totes les Apps que necessites en un mateix lloc Si ets alumne\/a de l&#8217;escola aquest espai \u00e9s per a tu. Aqu\u00ed hi trobar\u00e0s les Apps que m\u00e9s utilitzes en el teu dia a dia. Amb el temps anirem afegint aplicacions i altres funcions, per\u00f2 si veus que de moment te&#8217;n falta alguna volem saber-ho. M\u00e9s [&hellip;]<\/p>\n","protected":false},"author":2,"featured_media":0,"parent":0,"menu_order":0,"comment_status":"closed","ping_status":"closed","template":"","meta":{"_et_pb_use_builder":"on","_et_pb_old_content":"","_et_gb_content_width":"","footnotes":""},"class_list":["post-4413","page","type-page","status-publish","hentry"],"yoast_head":"<!-- This site is optimized with the Yoast SEO plugin v27.4 - https:\/\/yoast.com\/product\/yoast-seo-wordpress\/ -->\n<title>Apps - Escola<\/title>\n<meta name=\"robots\" content=\"index, follow, max-snippet:-1, max-image-preview:large, max-video-preview:-1\" \/>\n<link rel=\"canonical\" href=\"https:\/\/ciutadella.salesians.cat\/escola\/apps\/\" \/>\n<meta property=\"og:locale\" content=\"es_ES\" \/>\n<meta property=\"og:type\" content=\"article\" \/>\n<meta property=\"og:title\" content=\"Apps - Escola\" \/>\n<meta property=\"og:description\" content=\"Totes les Apps que necessites en un mateix lloc Si ets alumne\/a de l&#039;escola aquest espai \u00e9s per a tu. Aqu\u00ed hi trobar\u00e0s les Apps que m\u00e9s utilitzes en el teu dia a dia. Amb el temps anirem afegint aplicacions i altres funcions, per\u00f2 si veus que de moment te&#039;n falta alguna volem saber-ho. M\u00e9s [&hellip;]\" \/>\n<meta property=\"og:url\" content=\"https:\/\/ciutadella.salesians.cat\/escola\/apps\/\" \/>\n<meta property=\"og:site_name\" content=\"Escola\" \/>\n<meta property=\"article:modified_time\" content=\"2017-09-15T17:33:32+00:00\" \/>\n<meta name=\"twitter:card\" content=\"summary_large_image\" \/>\n<meta name=\"twitter:label1\" content=\"Tiempo de lectura\" \/>\n\t<meta name=\"twitter:data1\" content=\"10 minutos\" \/>\n<script type=\"application\/ld+json\" class=\"yoast-schema-graph\">{\"@context\":\"https:\\\/\\\/schema.org\",\"@graph\":[{\"@type\":\"WebPage\",\"@id\":\"https:\\\/\\\/ciutadella.salesians.cat\\\/escola\\\/apps\\\/\",\"url\":\"https:\\\/\\\/ciutadella.salesians.cat\\\/escola\\\/apps\\\/\",\"name\":\"Apps - Escola\",\"isPartOf\":{\"@id\":\"https:\\\/\\\/ciutadella.salesians.cat\\\/escola\\\/#website\"},\"datePublished\":\"2017-09-15T15:01:14+00:00\",\"dateModified\":\"2017-09-15T17:33:32+00:00\",\"breadcrumb\":{\"@id\":\"https:\\\/\\\/ciutadella.salesians.cat\\\/escola\\\/apps\\\/#breadcrumb\"},\"inLanguage\":\"es\",\"potentialAction\":[{\"@type\":\"ReadAction\",\"target\":[\"https:\\\/\\\/ciutadella.salesians.cat\\\/escola\\\/apps\\\/\"]}]},{\"@type\":\"BreadcrumbList\",\"@id\":\"https:\\\/\\\/ciutadella.salesians.cat\\\/escola\\\/apps\\\/#breadcrumb\",\"itemListElement\":[{\"@type\":\"ListItem\",\"position\":1,\"name\":\"Inici\",\"item\":\"https:\\\/\\\/ciutadella.salesians.cat\\\/escola\\\/\"},{\"@type\":\"ListItem\",\"position\":2,\"name\":\"Apps\"}]},{\"@type\":\"WebSite\",\"@id\":\"https:\\\/\\\/ciutadella.salesians.cat\\\/escola\\\/#website\",\"url\":\"https:\\\/\\\/ciutadella.salesians.cat\\\/escola\\\/\",\"name\":\"Escola\",\"description\":\"P\u00e0gina oficial de Salesians Ciutadella\",\"potentialAction\":[{\"@type\":\"SearchAction\",\"target\":{\"@type\":\"EntryPoint\",\"urlTemplate\":\"https:\\\/\\\/ciutadella.salesians.cat\\\/escola\\\/?s={search_term_string}\"},\"query-input\":{\"@type\":\"PropertyValueSpecification\",\"valueRequired\":true,\"valueName\":\"search_term_string\"}}],\"inLanguage\":\"es\"}]}<\/script>\n<!-- \/ Yoast SEO plugin. -->","yoast_head_json":{"title":"Apps - Escola","robots":{"index":"index","follow":"follow","max-snippet":"max-snippet:-1","max-image-preview":"max-image-preview:large","max-video-preview":"max-video-preview:-1"},"canonical":"https:\/\/ciutadella.salesians.cat\/escola\/apps\/","og_locale":"es_ES","og_type":"article","og_title":"Apps - Escola","og_description":"Totes les Apps que necessites en un mateix lloc Si ets alumne\/a de l'escola aquest espai \u00e9s per a tu. Aqu\u00ed hi trobar\u00e0s les Apps que m\u00e9s utilitzes en el teu dia a dia. Amb el temps anirem afegint aplicacions i altres funcions, per\u00f2 si veus que de moment te'n falta alguna volem saber-ho. M\u00e9s [&hellip;]","og_url":"https:\/\/ciutadella.salesians.cat\/escola\/apps\/","og_site_name":"Escola","article_modified_time":"2017-09-15T17:33:32+00:00","twitter_card":"summary_large_image","twitter_misc":{"Tiempo de lectura":"10 minutos"},"schema":{"@context":"https:\/\/schema.org","@graph":[{"@type":"WebPage","@id":"https:\/\/ciutadella.salesians.cat\/escola\/apps\/","url":"https:\/\/ciutadella.salesians.cat\/escola\/apps\/","name":"Apps - Escola","isPartOf":{"@id":"https:\/\/ciutadella.salesians.cat\/escola\/#website"},"datePublished":"2017-09-15T15:01:14+00:00","dateModified":"2017-09-15T17:33:32+00:00","breadcrumb":{"@id":"https:\/\/ciutadella.salesians.cat\/escola\/apps\/#breadcrumb"},"inLanguage":"es","potentialAction":[{"@type":"ReadAction","target":["https:\/\/ciutadella.salesians.cat\/escola\/apps\/"]}]},{"@type":"BreadcrumbList","@id":"https:\/\/ciutadella.salesians.cat\/escola\/apps\/#breadcrumb","itemListElement":[{"@type":"ListItem","position":1,"name":"Inici","item":"https:\/\/ciutadella.salesians.cat\/escola\/"},{"@type":"ListItem","position":2,"name":"Apps"}]},{"@type":"WebSite","@id":"https:\/\/ciutadella.salesians.cat\/escola\/#website","url":"https:\/\/ciutadella.salesians.cat\/escola\/","name":"Escola","description":"P\u00e0gina oficial de Salesians Ciutadella","potentialAction":[{"@type":"SearchAction","target":{"@type":"EntryPoint","urlTemplate":"https:\/\/ciutadella.salesians.cat\/escola\/?s={search_term_string}"},"query-input":{"@type":"PropertyValueSpecification","valueRequired":true,"valueName":"search_term_string"}}],"inLanguage":"es"}]}},"_links":{"self":[{"href":"https:\/\/ciutadella.salesians.cat\/escola\/wp-json\/wp\/v2\/pages\/4413","targetHints":{"allow":["GET"]}}],"collection":[{"href":"https:\/\/ciutadella.salesians.cat\/escola\/wp-json\/wp\/v2\/pages"}],"about":[{"href":"https:\/\/ciutadella.salesians.cat\/escola\/wp-json\/wp\/v2\/types\/page"}],"author":[{"embeddable":true,"href":"https:\/\/ciutadella.salesians.cat\/escola\/wp-json\/wp\/v2\/users\/2"}],"replies":[{"embeddable":true,"href":"https:\/\/ciutadella.salesians.cat\/escola\/wp-json\/wp\/v2\/comments?post=4413"}],"version-history":[{"count":16,"href":"https:\/\/ciutadella.salesians.cat\/escola\/wp-json\/wp\/v2\/pages\/4413\/revisions"}],"predecessor-version":[{"id":4427,"href":"https:\/\/ciutadella.salesians.cat\/escola\/wp-json\/wp\/v2\/pages\/4413\/revisions\/4427"}],"wp:attachment":[{"href":"https:\/\/ciutadella.salesians.cat\/escola\/wp-json\/wp\/v2\/media?parent=4413"}],"curies":[{"name":"wp","href":"https:\/\/api.w.org\/{rel}","templated":true}]}}