{"id":893,"date":"2017-03-04T07:56:32","date_gmt":"2017-03-04T07:56:32","guid":{"rendered":"http:\/\/colegio.ciutadella.salesianos.edu\/?page_id=893"},"modified":"2023-10-04T11:27:48","modified_gmt":"2023-10-04T11:27:48","slug":"apima","status":"publish","type":"page","link":"https:\/\/ciutadella.salesians.cat\/escola\/apima\/","title":{"rendered":"APIMA"},"content":{"rendered":"<p>[et_pb_section fb_built=\u00bb1&#8243; fullwidth=\u00bbon\u00bb _builder_version=\u00bb4.16&#8243; global_colors_info=\u00bb{}\u00bb][et_pb_fullwidth_header title=\u00bbA P I M A\u00bb subhead=\u00bbAssociaci\u00f3 de Pares i Mares\u00bb content_max_width=\u00bbnone\u00bb title_font_color=\u00bb#ffffff\u00bb subhead_font_color=\u00bb#ffffff\u00bb module_class=\u00bbpagina-imagen-cabecera\u00bb _builder_version=\u00bb4.16&#8243; title_text_color=\u00bb#ffffff\u00bb title_font_size=\u00bb40px\u00bb subhead_text_color=\u00bb#ffffff\u00bb background_color=\u00bbrgba(255, 255, 255, 0)\u00bb background_image=\u00bbhttp:\/\/ciutadella.salesians.cat\/escola\/wp-content\/uploads\/sites\/2\/2017\/07\/fbk.png\u00bb background_layout=\u00bblight\u00bb background_url=\u00bbhttp:\/\/webpiloto.salesianos.edu\/wp-content\/uploads\/2017\/02\/ImagenPAGINA01.png\u00bb button_one_letter_spacing_hover=\u00bb0&#8243; button_two_letter_spacing_hover=\u00bb0&#8243; global_colors_info=\u00bb{}\u00bb button_one_text_size__hover_enabled=\u00bboff\u00bb button_one_text_size__hover=\u00bbnull\u00bb button_two_text_size__hover_enabled=\u00bboff\u00bb button_two_text_size__hover=\u00bbnull\u00bb button_one_text_color__hover_enabled=\u00bboff\u00bb button_one_text_color__hover=\u00bbnull\u00bb button_two_text_color__hover_enabled=\u00bboff\u00bb button_two_text_color__hover=\u00bbnull\u00bb button_one_border_width__hover_enabled=\u00bboff\u00bb button_one_border_width__hover=\u00bbnull\u00bb button_two_border_width__hover_enabled=\u00bboff\u00bb button_two_border_width__hover=\u00bbnull\u00bb button_one_border_color__hover_enabled=\u00bboff\u00bb button_one_border_color__hover=\u00bbnull\u00bb button_two_border_color__hover_enabled=\u00bboff\u00bb button_two_border_color__hover=\u00bbnull\u00bb button_one_border_radius__hover_enabled=\u00bboff\u00bb button_one_border_radius__hover=\u00bbnull\u00bb button_two_border_radius__hover_enabled=\u00bboff\u00bb button_two_border_radius__hover=\u00bbnull\u00bb button_one_letter_spacing__hover_enabled=\u00bbon\u00bb button_one_letter_spacing__hover=\u00bb0&#8243; button_two_letter_spacing__hover_enabled=\u00bbon\u00bb button_two_letter_spacing__hover=\u00bb0&#8243; button_one_bg_color__hover_enabled=\u00bboff\u00bb button_one_bg_color__hover=\u00bbnull\u00bb button_two_bg_color__hover_enabled=\u00bboff\u00bb button_two_bg_color__hover=\u00bbnull\u00bb][\/et_pb_fullwidth_header][\/et_pb_section][et_pb_section fb_built=\u00bb1&#8243; module_class=\u00bbpagina-seccion-contenido\u00bb _builder_version=\u00bb4.16&#8243; custom_padding=\u00bb-4%|||\u00bb transparent_background=\u00bboff\u00bb make_fullwidth=\u00bboff\u00bb use_custom_width=\u00bboff\u00bb width_unit=\u00bbon\u00bb global_colors_info=\u00bb{}\u00bb][et_pb_row module_class=\u00bbpagina-texto\u00bb _builder_version=\u00bb4.16&#8243; background_size=\u00bbinitial\u00bb background_position=\u00bbtop_left\u00bb background_repeat=\u00bbrepeat\u00bb make_fullwidth=\u00bboff\u00bb use_custom_width=\u00bboff\u00bb width_unit=\u00bbon\u00bb global_colors_info=\u00bb{}\u00bb][et_pb_column type=\u00bb4_4&#8243; _builder_version=\u00bb4.16&#8243; custom_padding=\u00bb|||\u00bb global_colors_info=\u00bb{}\u00bb custom_padding__hover=\u00bb|||\u00bb][et_pb_text _builder_version=\u00bb4.16&#8243; text_font_size=\u00bb15px\u00bb background_size=\u00bbinitial\u00bb background_position=\u00bbtop_left\u00bb background_repeat=\u00bbrepeat\u00bb vertical_offset_tablet=\u00bb0&#8243; horizontal_offset_tablet=\u00bb0&#8243; text_orientation=\u00bbjustified\u00bb z_index_tablet=\u00bb500&#8243; text_text_shadow_horizontal_length_tablet=\u00bb0px\u00bb text_text_shadow_vertical_length_tablet=\u00bb0px\u00bb text_text_shadow_blur_strength_tablet=\u00bb1px\u00bb link_text_shadow_horizontal_length_tablet=\u00bb0px\u00bb link_text_shadow_vertical_length_tablet=\u00bb0px\u00bb link_text_shadow_blur_strength_tablet=\u00bb1px\u00bb ul_text_shadow_horizontal_length_tablet=\u00bb0px\u00bb ul_text_shadow_vertical_length_tablet=\u00bb0px\u00bb ul_text_shadow_blur_strength_tablet=\u00bb1px\u00bb ol_text_shadow_horizontal_length_tablet=\u00bb0px\u00bb ol_text_shadow_vertical_length_tablet=\u00bb0px\u00bb ol_text_shadow_blur_strength_tablet=\u00bb1px\u00bb quote_text_shadow_horizontal_length_tablet=\u00bb0px\u00bb quote_text_shadow_vertical_length_tablet=\u00bb0px\u00bb quote_text_shadow_blur_strength_tablet=\u00bb1px\u00bb header_text_shadow_horizontal_length_tablet=\u00bb0px\u00bb header_text_shadow_vertical_length_tablet=\u00bb0px\u00bb header_text_shadow_blur_strength_tablet=\u00bb1px\u00bb header_2_text_shadow_horizontal_length_tablet=\u00bb0px\u00bb header_2_text_shadow_vertical_length_tablet=\u00bb0px\u00bb header_2_text_shadow_blur_strength_tablet=\u00bb1px\u00bb header_3_text_shadow_horizontal_length_tablet=\u00bb0px\u00bb header_3_text_shadow_vertical_length_tablet=\u00bb0px\u00bb header_3_text_shadow_blur_strength_tablet=\u00bb1px\u00bb header_4_text_shadow_horizontal_length_tablet=\u00bb0px\u00bb header_4_text_shadow_vertical_length_tablet=\u00bb0px\u00bb header_4_text_shadow_blur_strength_tablet=\u00bb1px\u00bb header_5_text_shadow_horizontal_length_tablet=\u00bb0px\u00bb header_5_text_shadow_vertical_length_tablet=\u00bb0px\u00bb header_5_text_shadow_blur_strength_tablet=\u00bb1px\u00bb header_6_text_shadow_horizontal_length_tablet=\u00bb0px\u00bb header_6_text_shadow_vertical_length_tablet=\u00bb0px\u00bb header_6_text_shadow_blur_strength_tablet=\u00bb1px\u00bb box_shadow_horizontal_tablet=\u00bb0px\u00bb box_shadow_vertical_tablet=\u00bb0px\u00bb box_shadow_blur_tablet=\u00bb40px\u00bb box_shadow_spread_tablet=\u00bb0px\u00bb global_colors_info=\u00bb{}\u00bb]<\/p>\n<h2>Qu\u00e8 \u00e9s l&#8217;APIMA?<\/h2>\n<p>\u00c9s l&#8217;Associaci\u00f3 de Pares i Mares (APIMA) que s&#8217;associa per participar en tot el que es refereix a l&#8217;educaci\u00f3 dels fills i filles, fent feina sempre en benefici de l&#8217;alumnat i de l&#8217;escola.<\/p>\n<p>Es reuneix peri\u00f2dicament per tractar temes relacionats amb l&#8217;associaci\u00f3 i l&#8217;escola. Tamb\u00e9 es troba tres vegades a l&#8217;any amb l&#8217;Equip Directiu de l&#8217;escola per comentar el funcionament del centre, projectes de futur i qualsevol tema que pugui ser d&#8217;inter\u00e8s per als fills i filles.<\/p>\n<p>&nbsp;<\/p>\n<h2>Per qu\u00e8 fer-nos socis i s\u00f2cies de l&#8217;APIMA?<\/h2>\n<p>\u00c9s una manera interessant d&#8217;implicar-se m\u00e9s activament en l&#8217;educaci\u00f3 dels fills\/filles, aportant idees, propostes de millora i col\u00b7laborant amb l&#8217;escola.<\/p>\n<p>Tamb\u00e9 perqu\u00e8 els fills i filles agraeixen veure les fam\u00edlies implicades en la seva escola.<\/p>\n<p>El fet de ser soci o s\u00f2cia de l&#8217;APIMA implica una col\u00b7laboraci\u00f3 directa amb l&#8217;escola, per aix\u00f2 us podreu beneficiar de descomptes en l&#8217;escola matinera, menjador, sortides, teatre, etc.<\/p>\n<p>El millor benefici, per\u00f2, radica en col\u00b7laborar en la millora del centre, en la millora de la qualitat i en la millora de l&#8217;educaci\u00f3 dels fills i filles.<\/p>\n<p>&nbsp;<\/p>\n<h2>\/aAportacions i participaci\u00f3 de l&#8217;APIMA a l&#8217;escola<\/h2>\n<p>L&#8217;APIMA col\u00b7labora de diferents maneres:<\/p>\n<p>Mitjan\u00e7ant aportacions econ\u00f2miques directes per a activitats i despeses de l&#8217;escola, com poden ser:<\/p>\n<ul>\n<li>Subvenciona l&#8217;obra de teatre i\/o altres activitats proposades per l&#8217;Equip Directiu a les fam\u00edlies que han col\u00b7laborat econ\u00f2micament amb l&#8217;APIMA.<\/li>\n<li>Participacions de loteria.<\/li>\n<li>Cada any l&#8217;APIMA fa una aportaci\u00f3 econ\u00f2mica directa per col\u00b7laborar en les inversions necess\u00e0ries per a la millora de l&#8217;escola.<\/li>\n<\/ul>\n<p>A m\u00e9s a m\u00e9s, tamb\u00e9 fa:<\/p>\n<ul>\n<li>Organitzaci\u00f3 de xerrades per a pares i mares.<\/li>\n<li>Participaci\u00f3 a la comissi\u00f3 de la Cavalcada de Reis per dur la il\u00b7lusi\u00f3 a tots els fills i filles.<\/li>\n<li>Col\u00b7laboraci\u00f3 amb l&#8217;escola en la torrada de la sobrassada, la gimcana i xocolatada de Sant Joan Bosco, i en totes aquelles activitats o sortides que requereixen del seu suport.<\/li>\n<\/ul>\n<h2>Com fer-se soci o s\u00f2cia de l&#8217;APIMA?<\/h2>\n<p>Podeu anar directament a la secretaria de l&#8217;escola per tal de tramitar la vostra inscripci\u00f3. El preu \u00e9s de 20 euros anuals.<\/p>\n<p>&nbsp;<\/p>\n<h2>Com col\u00b7laborar activament a l&#8217;APIMA?<\/h2>\n<p>Podeu col\u00b7laborar participant a les reunions peri\u00f2diques que celebren. Entre tots farem feina per arribar cada any m\u00e9s lluny i aconseguir nous objectius.<span style=\"font-size: 15px;\">Per tant, animeu-vos a participar. Podeu contactar amb l&#8217;APIMA a trav\u00e9s del nostre email o xarxes socials, o b\u00e9 informau a Secretaria o al tutor\/a, i ens ho faran saber.<\/span><\/p>\n<p>[\/et_pb_text][et_pb_button button_url=\u00bbhttps:\/\/drive.google.com\/file\/d\/1S6R0zMecP-58pZJjRvm47SdmUbdC6Rxm\/view?usp=sharing\u00bb button_text=\u00bbM\u00e9s informaci\u00f3 per fer-se soci o s\u00f2cia\u00bb _builder_version=\u00bb4.20.0&#8243; _module_preset=\u00bbdefault\u00bb global_colors_info=\u00bb{}\u00bb][\/et_pb_button][et_pb_cta title=\u00bbContacta amb l&#8217;APIMA\u00bb _builder_version=\u00bb4.16&#8243; min_height=\u00bb103px\u00bb custom_padding=\u00bb||28px|||\u00bb border_style=\u00bbsolid\u00bb button_letter_spacing_hover=\u00bb0&#8243; global_colors_info=\u00bb{}\u00bb button_text_size__hover_enabled=\u00bboff\u00bb button_text_size__hover=\u00bbnull\u00bb button_one_text_size__hover_enabled=\u00bboff\u00bb button_one_text_size__hover=\u00bbnull\u00bb button_two_text_size__hover_enabled=\u00bboff\u00bb button_two_text_size__hover=\u00bbnull\u00bb button_text_color__hover_enabled=\u00bboff\u00bb button_text_color__hover=\u00bbnull\u00bb button_one_text_color__hover_enabled=\u00bboff\u00bb button_one_text_color__hover=\u00bbnull\u00bb button_two_text_color__hover_enabled=\u00bboff\u00bb button_two_text_color__hover=\u00bbnull\u00bb button_border_width__hover_enabled=\u00bboff\u00bb button_border_width__hover=\u00bbnull\u00bb button_one_border_width__hover_enabled=\u00bboff\u00bb button_one_border_width__hover=\u00bbnull\u00bb button_two_border_width__hover_enabled=\u00bboff\u00bb button_two_border_width__hover=\u00bbnull\u00bb button_border_color__hover_enabled=\u00bboff\u00bb button_border_color__hover=\u00bbnull\u00bb button_one_border_color__hover_enabled=\u00bboff\u00bb button_one_border_color__hover=\u00bbnull\u00bb button_two_border_color__hover_enabled=\u00bboff\u00bb button_two_border_color__hover=\u00bbnull\u00bb button_border_radius__hover_enabled=\u00bboff\u00bb button_border_radius__hover=\u00bbnull\u00bb button_one_border_radius__hover_enabled=\u00bboff\u00bb button_one_border_radius__hover=\u00bbnull\u00bb button_two_border_radius__hover_enabled=\u00bboff\u00bb button_two_border_radius__hover=\u00bbnull\u00bb button_letter_spacing__hover_enabled=\u00bbon\u00bb button_letter_spacing__hover=\u00bb0&#8243; button_one_letter_spacing__hover_enabled=\u00bboff\u00bb button_one_letter_spacing__hover=\u00bbnull\u00bb button_two_letter_spacing__hover_enabled=\u00bboff\u00bb button_two_letter_spacing__hover=\u00bbnull\u00bb button_bg_color__hover_enabled=\u00bboff\u00bb button_bg_color__hover=\u00bbnull\u00bb button_one_bg_color__hover_enabled=\u00bboff\u00bb button_one_bg_color__hover=\u00bbnull\u00bb button_two_bg_color__hover_enabled=\u00bboff\u00bb button_two_bg_color__hover=\u00bbnull\u00bb]<\/p>\n<p>Correu electr\u00f2nic: apima@ciutadella.salesians.cat<\/p>\n<p>[\/et_pb_cta][et_pb_social_media_follow _builder_version=\u00bb4.20.0&#8243; _module_preset=\u00bbdefault\u00bb text_orientation=\u00bbcenter\u00bb global_colors_info=\u00bb{}\u00bb][et_pb_social_media_follow_network social_network=\u00bbfacebook\u00bb _builder_version=\u00bb4.20.0&#8243; _module_preset=\u00bbdefault\u00bb background_color=\u00bb#3b5998&#8243; global_colors_info=\u00bb{}\u00bb follow_button=\u00bboff\u00bb url_new_window=\u00bbon\u00bb]facebook[\/et_pb_social_media_follow_network][et_pb_social_media_follow_network social_network=\u00bbinstagram\u00bb url=\u00bbhttps:\/\/www.instagram.com\/apima_calos\/\u00bb _builder_version=\u00bb4.20.0&#8243; _module_preset=\u00bbdefault\u00bb background_color=\u00bb#ea2c59&#8243; global_colors_info=\u00bb{}\u00bb follow_button=\u00bboff\u00bb url_new_window=\u00bbon\u00bb]instagram[\/et_pb_social_media_follow_network][et_pb_social_media_follow_network social_network=\u00bbgoogle\u00bb url=\u00bbhttp:\/\/apima@ciutadella.salesians.cat\u00bb _builder_version=\u00bb4.20.0&#8243; _module_preset=\u00bbdefault\u00bb background_color=\u00bb#4285f4&#8243; global_colors_info=\u00bb{}\u00bb follow_button=\u00bboff\u00bb url_new_window=\u00bbon\u00bb]google[\/et_pb_social_media_follow_network][\/et_pb_social_media_follow][\/et_pb_column][\/et_pb_row][\/et_pb_section]<\/p>\n","protected":false},"excerpt":{"rendered":"<p>Qu\u00e8 \u00e9s l&#8217;APIMA? \u00c9s l&#8217;Associaci\u00f3 de Pares i Mares (APIMA) que s&#8217;associa per participar en tot el que es refereix a l&#8217;educaci\u00f3 dels fills i filles, fent feina sempre en benefici de l&#8217;alumnat i de l&#8217;escola. Es reuneix peri\u00f2dicament per tractar temes relacionats amb l&#8217;associaci\u00f3 i l&#8217;escola. Tamb\u00e9 es troba tres vegades a l&#8217;any amb [&hellip;]<\/p>\n","protected":false},"author":2,"featured_media":0,"parent":0,"menu_order":0,"comment_status":"closed","ping_status":"closed","template":"","meta":{"_et_pb_use_builder":"on","_et_pb_old_content":"","_et_gb_content_width":"","footnotes":""},"class_list":["post-893","page","type-page","status-publish","hentry"],"yoast_head":"<!-- This site is optimized with the Yoast SEO plugin v27.3 - https:\/\/yoast.com\/product\/yoast-seo-wordpress\/ -->\n<title>APIMA - Escola<\/title>\n<meta name=\"robots\" content=\"index, follow, max-snippet:-1, max-image-preview:large, max-video-preview:-1\" \/>\n<link rel=\"canonical\" href=\"https:\/\/ciutadella.salesians.cat\/escola\/apima\/\" \/>\n<meta property=\"og:locale\" content=\"es_ES\" \/>\n<meta property=\"og:type\" content=\"article\" \/>\n<meta property=\"og:title\" content=\"APIMA - Escola\" \/>\n<meta property=\"og:description\" content=\"Qu\u00e8 \u00e9s l&#039;APIMA? \u00c9s l&#039;Associaci\u00f3 de Pares i Mares (APIMA) que s&#039;associa per participar en tot el que es refereix a l&#039;educaci\u00f3 dels fills i filles, fent feina sempre en benefici de l&#039;alumnat i de l&#039;escola. Es reuneix peri\u00f2dicament per tractar temes relacionats amb l&#039;associaci\u00f3 i l&#039;escola. Tamb\u00e9 es troba tres vegades a l&#039;any amb [&hellip;]\" \/>\n<meta property=\"og:url\" content=\"https:\/\/ciutadella.salesians.cat\/escola\/apima\/\" \/>\n<meta property=\"og:site_name\" content=\"Escola\" \/>\n<meta property=\"article:modified_time\" content=\"2023-10-04T11:27:48+00:00\" \/>\n<meta name=\"twitter:card\" content=\"summary_large_image\" \/>\n<meta name=\"twitter:label1\" content=\"Tiempo de lectura\" \/>\n\t<meta name=\"twitter:data1\" content=\"8 minutos\" \/>\n<script type=\"application\/ld+json\" class=\"yoast-schema-graph\">{\"@context\":\"https:\\\/\\\/schema.org\",\"@graph\":[{\"@type\":\"WebPage\",\"@id\":\"https:\\\/\\\/ciutadella.salesians.cat\\\/escola\\\/apima\\\/\",\"url\":\"https:\\\/\\\/ciutadella.salesians.cat\\\/escola\\\/apima\\\/\",\"name\":\"APIMA - Escola\",\"isPartOf\":{\"@id\":\"https:\\\/\\\/ciutadella.salesians.cat\\\/escola\\\/#website\"},\"datePublished\":\"2017-03-04T07:56:32+00:00\",\"dateModified\":\"2023-10-04T11:27:48+00:00\",\"breadcrumb\":{\"@id\":\"https:\\\/\\\/ciutadella.salesians.cat\\\/escola\\\/apima\\\/#breadcrumb\"},\"inLanguage\":\"es\",\"potentialAction\":[{\"@type\":\"ReadAction\",\"target\":[\"https:\\\/\\\/ciutadella.salesians.cat\\\/escola\\\/apima\\\/\"]}]},{\"@type\":\"BreadcrumbList\",\"@id\":\"https:\\\/\\\/ciutadella.salesians.cat\\\/escola\\\/apima\\\/#breadcrumb\",\"itemListElement\":[{\"@type\":\"ListItem\",\"position\":1,\"name\":\"Inici\",\"item\":\"https:\\\/\\\/ciutadella.salesians.cat\\\/escola\\\/\"},{\"@type\":\"ListItem\",\"position\":2,\"name\":\"APIMA\"}]},{\"@type\":\"WebSite\",\"@id\":\"https:\\\/\\\/ciutadella.salesians.cat\\\/escola\\\/#website\",\"url\":\"https:\\\/\\\/ciutadella.salesians.cat\\\/escola\\\/\",\"name\":\"Escola\",\"description\":\"P\u00e0gina oficial de Salesians Ciutadella\",\"potentialAction\":[{\"@type\":\"SearchAction\",\"target\":{\"@type\":\"EntryPoint\",\"urlTemplate\":\"https:\\\/\\\/ciutadella.salesians.cat\\\/escola\\\/?s={search_term_string}\"},\"query-input\":{\"@type\":\"PropertyValueSpecification\",\"valueRequired\":true,\"valueName\":\"search_term_string\"}}],\"inLanguage\":\"es\"}]}<\/script>\n<!-- \/ Yoast SEO plugin. -->","yoast_head_json":{"title":"APIMA - Escola","robots":{"index":"index","follow":"follow","max-snippet":"max-snippet:-1","max-image-preview":"max-image-preview:large","max-video-preview":"max-video-preview:-1"},"canonical":"https:\/\/ciutadella.salesians.cat\/escola\/apima\/","og_locale":"es_ES","og_type":"article","og_title":"APIMA - Escola","og_description":"Qu\u00e8 \u00e9s l'APIMA? \u00c9s l'Associaci\u00f3 de Pares i Mares (APIMA) que s'associa per participar en tot el que es refereix a l'educaci\u00f3 dels fills i filles, fent feina sempre en benefici de l'alumnat i de l'escola. Es reuneix peri\u00f2dicament per tractar temes relacionats amb l'associaci\u00f3 i l'escola. Tamb\u00e9 es troba tres vegades a l'any amb [&hellip;]","og_url":"https:\/\/ciutadella.salesians.cat\/escola\/apima\/","og_site_name":"Escola","article_modified_time":"2023-10-04T11:27:48+00:00","twitter_card":"summary_large_image","twitter_misc":{"Tiempo de lectura":"8 minutos"},"schema":{"@context":"https:\/\/schema.org","@graph":[{"@type":"WebPage","@id":"https:\/\/ciutadella.salesians.cat\/escola\/apima\/","url":"https:\/\/ciutadella.salesians.cat\/escola\/apima\/","name":"APIMA - Escola","isPartOf":{"@id":"https:\/\/ciutadella.salesians.cat\/escola\/#website"},"datePublished":"2017-03-04T07:56:32+00:00","dateModified":"2023-10-04T11:27:48+00:00","breadcrumb":{"@id":"https:\/\/ciutadella.salesians.cat\/escola\/apima\/#breadcrumb"},"inLanguage":"es","potentialAction":[{"@type":"ReadAction","target":["https:\/\/ciutadella.salesians.cat\/escola\/apima\/"]}]},{"@type":"BreadcrumbList","@id":"https:\/\/ciutadella.salesians.cat\/escola\/apima\/#breadcrumb","itemListElement":[{"@type":"ListItem","position":1,"name":"Inici","item":"https:\/\/ciutadella.salesians.cat\/escola\/"},{"@type":"ListItem","position":2,"name":"APIMA"}]},{"@type":"WebSite","@id":"https:\/\/ciutadella.salesians.cat\/escola\/#website","url":"https:\/\/ciutadella.salesians.cat\/escola\/","name":"Escola","description":"P\u00e0gina oficial de Salesians Ciutadella","potentialAction":[{"@type":"SearchAction","target":{"@type":"EntryPoint","urlTemplate":"https:\/\/ciutadella.salesians.cat\/escola\/?s={search_term_string}"},"query-input":{"@type":"PropertyValueSpecification","valueRequired":true,"valueName":"search_term_string"}}],"inLanguage":"es"}]}},"_links":{"self":[{"href":"https:\/\/ciutadella.salesians.cat\/escola\/wp-json\/wp\/v2\/pages\/893","targetHints":{"allow":["GET"]}}],"collection":[{"href":"https:\/\/ciutadella.salesians.cat\/escola\/wp-json\/wp\/v2\/pages"}],"about":[{"href":"https:\/\/ciutadella.salesians.cat\/escola\/wp-json\/wp\/v2\/types\/page"}],"author":[{"embeddable":true,"href":"https:\/\/ciutadella.salesians.cat\/escola\/wp-json\/wp\/v2\/users\/2"}],"replies":[{"embeddable":true,"href":"https:\/\/ciutadella.salesians.cat\/escola\/wp-json\/wp\/v2\/comments?post=893"}],"version-history":[{"count":13,"href":"https:\/\/ciutadella.salesians.cat\/escola\/wp-json\/wp\/v2\/pages\/893\/revisions"}],"predecessor-version":[{"id":6462,"href":"https:\/\/ciutadella.salesians.cat\/escola\/wp-json\/wp\/v2\/pages\/893\/revisions\/6462"}],"wp:attachment":[{"href":"https:\/\/ciutadella.salesians.cat\/escola\/wp-json\/wp\/v2\/media?parent=893"}],"curies":[{"name":"wp","href":"https:\/\/api.w.org\/{rel}","templated":true}]}}